{"id":14190,"date":"2022-01-16T19:23:40","date_gmt":"2022-01-16T18:23:40","guid":{"rendered":"https:\/\/sgtr.keller-web.ch\/?page_id=14190"},"modified":"2022-03-07T14:58:20","modified_gmt":"2022-03-07T13:58:20","slug":"fortbildung","status":"publish","type":"page","link":"https:\/\/sgtr.keller-web.ch\/index.php\/fortbildung\/","title":{"rendered":"Fortbildung"},"content":{"rendered":"<p><div class=\"fusion-fullwidth fullwidth-box fusion-builder-row-1 fusion-flex-container nonhundred-percent-fullwidth non-hundred-percent-height-scrolling\" style=\"background-color: rgba(255,255,255,0);background-position: center center;background-repeat: no-repeat;border-width: 0px 0px 0px 0px;border-color:#eae9e9;border-style:solid;\" ><div class=\"fusion-builder-row fusion-row fusion-flex-align-items-flex-start\" style=\"max-width:1216.8px;margin-left: calc(-4% \/ 2 );margin-right: calc(-4% \/ 2 );\"><div class=\"fusion-layout-column fusion_builder_column fusion-builder-column-0 fusion_builder_column_1_1 1_1 fusion-flex-column\"><div class=\"fusion-column-wrapper fusion-flex-justify-content-flex-start fusion-content-layout-column\" style=\"background-position:left top;background-repeat:no-repeat;-webkit-background-size:cover;-moz-background-size:cover;-o-background-size:cover;background-size:cover;padding: 0px 0px 0px 0px;\"><style type=\"text\/css\">@media only screen and (max-width:1024px) {.fusion-title.fusion-title-1{margin-top:0px!important; margin-right:0px!important;margin-bottom:30px!important;margin-left:0px!important;}}@media only screen and (max-width:640px) {.fusion-title.fusion-title-1{margin-top:0px!important; margin-right:0px!important;margin-bottom:20px!important; margin-left:0px!important;}}<\/style><div class=\"fusion-title title fusion-title-1 fusion-title-text fusion-title-size-two\" style=\"margin-top:0px;margin-right:0px;margin-bottom:30px;margin-left:0px;\"><div class=\"title-sep-container title-sep-container-left fusion-no-large-visibility fusion-no-medium-visibility fusion-no-small-visibility\"><div class=\"title-sep sep-\" style=\"border-color:#e0dede;\"><\/div><\/div><span class=\"awb-title-spacer fusion-no-large-visibility fusion-no-medium-visibility fusion-no-small-visibility\"><\/span><h2 class=\"title-heading-left\" style=\"margin:0;\"><span style=\"color: #ff6600;\"><strong>Forbildung<\/strong><\/span><\/h2><span class=\"awb-title-spacer\"><\/span><div class=\"title-sep-container title-sep-container-right\"><div class=\"title-sep sep-\" style=\"border-color:#e0dede;\"><\/div><\/div><\/div><div class=\"fusion-separator fusion-full-width-sep\" style=\"align-self: center;margin-left: auto;margin-right: auto;margin-top:10px;margin-bottom:40px;width:100%;\"><div class=\"fusion-separator-border sep-single sep-solid\" style=\"border-color:#e0dede;border-top-width:1px;\"><\/div><\/div><div class=\"fusion-text fusion-text-1\"><p><strong>Fortbildung<\/strong><\/p>\n<p>Kontinuierliche Fortbildung ist ein verpflichtender Bestandteil qualit\u00e4tsvollen Handelns. Sie erg\u00e4nzt erworbenes Wissen und vertieft Kenntnisse und Erfahrungen. Fortbildung bedeutet, in einem Entwicklungsprozess zu bleiben, sowohl im fachlichen Bereich in Bezug auf den Zugewinn an Wissen und an K\u00f6nnen wie auch im pers\u00f6nlichen Bereich durch selbstkritische Auseinandersetzung mit dem eigenen Tun.<\/p>\n<p>Die SG-TR anerkennt Fortbildungsangebote, die im Einklang mit unserer Philosophie der Mensch-Tier-Beziehung und deren \u00dcbertragung in die Praxis der RP und RT stehen, die das Wissen und K\u00f6nnen der RP und RT in ihrer Arbeit mit Klient und Pferd erg\u00e4nzen und vertiefen, die neue Entwicklungen vorstellen und die fach-und berufs\u00fcbergreifende Themen ansprechen.<\/p>\n<p>Auswirkungen der&nbsp;<strong>Corona-Krise<\/strong>&nbsp;auf den Nachweis von&nbsp;Fortbildungsstunden:&nbsp;<wbr \/>Aufgrund der ausserordentlichen Lage werden im Jahr 2020 die Lizenzen automatisch verl\u00e4ngert, also&nbsp;auch ohne den Nachweis der 6 Stunden Fortbildung. Diese Stunden sollen aber zwingend im folgenden Kalenderjahr 2021 nachgeholt (z.B. durch die Teilnahme an der MV 2021) und die Best\u00e4tigungen dann&nbsp;eingereicht werden.<\/p>\n<p>&nbsp;<\/p>\n<p><b>Empfehlungen<\/b><\/p>\n<p>Besonders empfehlen wir Ihnen die j\u00e4hrlich stattfindende Fortbildung anl\u00e4sslich unserer Mitgliederversammlung, die Pal-Tagung sowie den Wochenendkurs \u201cEinf\u00fchrung in die Heilp\u00e4dagogik und Praxis im HPR\/TR\u201c.<\/p>\n<p>Fortbildungen k\u00f6nnen ansonsten von den Mitgliedern gem\u00e4ss untenstehenden Kriterien frei ausgew\u00e4hlt werden.<\/p>\n<p>&nbsp;<\/p>\n<p><b>Kurs-Ausschreibungen<\/b><\/p>\n<p>Mitglieder der SG-TR bieten in ihren Betrieben viele interessante Kurse und Fortbildungen an, die gerne besucht werden k\u00f6nnen. F\u00fcr weitere Ausk\u00fcnfte oder eine Anmeldung, wenden Sie sich bitte direkt an die Veranstalter. Das Angebot f\u00fcr das laufende Jahr ist unter folgendem Link einsehbar: <a href=\"https:\/\/sgtr.keller-web.ch\/wp-content\/uploads\/2022\/01\/fortbildungsprogramm-2021-neu.pdf\">Fortbildungsprogramm 2021<\/a><\/p>\n<p>Anerkannt werden unter anderem auch die Fortbildungsangebote des IPTh. Hier finden Sie den Link zu den aktuellen Angeboten:&nbsp;<a href=\"http:\/\/www.ipth.de\/de\/fortbildungen.html\">http:\/\/www.ipth.de\/de\/fortbildungen.html<\/a><\/p>\n<p>Oder auch andere interessante Kurse wie z.B. das Freizeitreitabzeichen SFRV in der Pferdegest\u00fctzten Therapie: <a href=\"https:\/\/www.sfrv-asel.ch\/freizeitreitabzeichen-sfrv\" target=\"_blank\" rel=\"noopener\">https:\/\/www.sfrv-asel.ch\/freizeitreitabzeichen-sfrv<\/a><br \/>\nWeitere Informationen dazu finden Sie auch in <a href=\"https:\/\/sgtr.keller-web.ch\/wp-content\/uploads\/2022\/01\/freizeitreitabzeichen-sfrv-modul-4-1.pdf\">diesem Dokument<\/a>.<\/p>\n<p><strong>Kriterien f\u00fcr Anerkennung von Fortbildungen:<\/strong><\/p>\n<p>Folgende Bereiche und Themen, sind f\u00fcr die Fortbildung SG-TR relevant und anerkannt:<\/p>\n<p><strong>A P\u00e4dagogik, Heilp\u00e4dagogik, Sozialp\u00e4dagogik, Therapie, Psychologie, Medizin<\/strong><\/p>\n<ul>\n<li>St\u00f6rungs- und Krankheitsbilder, die f\u00fcr die RP\/RT relevant sind<\/li>\n<li>Psychologische Grundlagen<\/li>\n<li>Therapie und Rehabilitation (Ergo-,Physio-,Logo-,Hippotherapie)<\/li>\n<li>Supervision<\/li>\n<li>Ausgew\u00e4hlte psychiatrische Fragestellungen<\/li>\n<li>Einf\u00fchrung in die Heilp\u00e4dagogik und Praxis im HPR\/TR<\/li>\n<\/ul>\n<p><strong>B Erwachsenenbildung<\/strong><\/p>\n<ul>\n<li>Konfliktverhalten<\/li>\n<li>Gespr\u00e4chsf\u00fchrung<\/li>\n<\/ul>\n<p><strong>C Therapiepferd\/Reiterliches<\/strong><\/p>\n<ul>\n<li>Ausbildung des Therapiepferdes<\/li>\n<li>klientenspezifische Ausr\u00fcstung des Pferdes<\/li>\n<li>Freiheitsdressur, Bodenarbeit<\/li>\n<li>Pferdeanatomie und Reiten, Gesunderhaltung, Haltungsformen, Ethik<\/li>\n<li>Langz\u00fcgelarbeit<\/li>\n<li>Heilp\u00e4dagogisches Voltigieren<\/li>\n<\/ul>\n<p><strong>D Organisation<\/strong><\/p>\n<ul>\n<li>Konzepte f\u00fcr den eigenen Betrieb resp. f\u00fcr selbst\u00e4ndige Berufsaus\u00fcbung, auch f\u00fcr Kleinstbetriebe<\/li>\n<li>Berufspolitische Fragestellungen, Dialog mit Kostentr\u00e4gern<\/li>\n<li>Kooperation mit Institutionen<\/li>\n<li>Fragen zu Qualit\u00e4tsmanagement<\/li>\n<\/ul>\n<\/div><\/div><style type=\"text\/css\">.fusion-body .fusion-builder-column-0{width:100% !important;margin-top : 0px;margin-bottom : 20px;}.fusion-builder-column-0 > .fusion-column-wrapper {padding-top : 0px !important;padding-right : 0px !important;margin-right : 1.92%;padding-bottom : 0px !important;padding-left : 0px !important;margin-left : 1.92%;}@media only screen and (max-width:1024px) {.fusion-body .fusion-builder-column-0{width:100% !important;order : 0;}.fusion-builder-column-0 > .fusion-column-wrapper {margin-right : 1.92%;margin-left : 1.92%;}}@media only screen and (max-width:640px) {.fusion-body .fusion-builder-column-0{width:100% !important;order : 0;}.fusion-builder-column-0 > .fusion-column-wrapper {margin-right : 1.92%;margin-left : 1.92%;}}<\/style><\/div><\/div><style type=\"text\/css\">.fusion-body .fusion-flex-container.fusion-builder-row-1{ padding-top : 0px;margin-top : 0px;padding-right : 0px;padding-bottom : 0px;margin-bottom : 0px;padding-left : 0px;}<\/style><\/div><div class=\"fusion-fullwidth fullwidth-box fusion-builder-row-2 fusion-flex-container nonhundred-percent-fullwidth non-hundred-percent-height-scrolling\" style=\"background-color: rgba(255,255,255,0);background-position: center center;background-repeat: no-repeat;border-width: 0px 0px 0px 0px;border-color:#eae9e9;border-style:solid;\" ><div class=\"fusion-builder-row fusion-row fusion-flex-align-items-flex-start\" style=\"max-width:1216.8px;margin-left: calc(-4% \/ 2 );margin-right: calc(-4% \/ 2 );\"><div class=\"fusion-layout-column fusion_builder_column fusion-builder-column-1 fusion_builder_column_1_1 1_1 fusion-flex-column\"><div class=\"fusion-column-wrapper fusion-flex-justify-content-flex-start fusion-content-layout-column\" style=\"background-position:left top;background-repeat:no-repeat;-webkit-background-size:cover;-moz-background-size:cover;-o-background-size:cover;background-size:cover;padding: 0px 0px 0px 0px;\"><div class=\"fusion-text fusion-text-2\"><\/div><\/div><style type=\"text\/css\">.fusion-body .fusion-builder-column-1{width:100% !important;margin-top : 0px;margin-bottom : 0px;}.fusion-builder-column-1 > .fusion-column-wrapper {padding-top : 0px !important;padding-right : 0px !important;margin-right : 1.92%;padding-bottom : 0px !important;padding-left : 0px !important;margin-left : 1.92%;}@media only screen and (max-width:1024px) {.fusion-body .fusion-builder-column-1{width:100% !important;}.fusion-builder-column-1 > .fusion-column-wrapper {margin-right : 1.92%;margin-left : 1.92%;}}@media only screen and (max-width:640px) {.fusion-body .fusion-builder-column-1{width:100% !important;}.fusion-builder-column-1 > .fusion-column-wrapper {margin-right : 1.92%;margin-left : 1.92%;}}<\/style><\/div><\/div><style type=\"text\/css\">.fusion-body .fusion-flex-container.fusion-builder-row-2{ padding-top : 0px;margin-top : 0px;padding-right : 0px;padding-bottom : 0px;margin-bottom : 0px;padding-left : 0px;}<\/style><\/div><div class=\"fusion-fullwidth fullwidth-box fusion-builder-row-3 fusion-flex-container nonhundred-percent-fullwidth non-hundred-percent-height-scrolling\" style=\"background-color: rgba(255,255,255,0);background-position: center center;background-repeat: no-repeat;border-width: 0px 0px 0px 0px;border-color:#eae9e9;border-style:solid;\" ><div class=\"fusion-builder-row fusion-row fusion-flex-align-items-flex-start\" style=\"max-width:1216.8px;margin-left: calc(-4% \/ 2 );margin-right: calc(-4% \/ 2 );\"><div class=\"fusion-layout-column fusion_builder_column fusion-builder-column-2 fusion_builder_column_1_1 1_1 fusion-flex-column\"><div class=\"fusion-column-wrapper fusion-flex-justify-content-flex-start fusion-content-layout-column\" style=\"background-position:left top;background-repeat:no-repeat;-webkit-background-size:cover;-moz-background-size:cover;-o-background-size:cover;background-size:cover;padding: 0px 0px 0px 0px;\"><div class=\"fusion-text fusion-text-3\"><\/div><\/div><style type=\"text\/css\">.fusion-body .fusion-builder-column-2{width:100% !important;margin-top : 0px;margin-bottom : 0px;}.fusion-builder-column-2 > .fusion-column-wrapper {padding-top : 0px !important;padding-right : 0px !important;margin-right : 1.92%;padding-bottom : 0px !important;padding-left : 0px !important;margin-left : 1.92%;}@media only screen and (max-width:1024px) {.fusion-body .fusion-builder-column-2{width:100% !important;}.fusion-builder-column-2 > .fusion-column-wrapper {margin-right : 1.92%;margin-left : 1.92%;}}@media only screen and (max-width:640px) {.fusion-body .fusion-builder-column-2{width:100% !important;}.fusion-builder-column-2 > .fusion-column-wrapper {margin-right : 1.92%;margin-left : 1.92%;}}<\/style><\/div><\/div><style type=\"text\/css\">.fusion-body .fusion-flex-container.fusion-builder-row-3{ padding-top : 0px;margin-top : 0px;padding-right : 0px;padding-bottom : 0px;margin-bottom : 0px;padding-left : 0px;}<\/style><\/div><\/p>\n","protected":false},"excerpt":{"rendered":"","protected":false},"author":1,"featured_media":0,"parent":0,"menu_order":0,"comment_status":"closed","ping_status":"closed","template":"","meta":{"ngg_post_thumbnail":0},"_links":{"self":[{"href":"https:\/\/sgtr.keller-web.ch\/index.php\/wp-json\/wp\/v2\/pages\/14190"}],"collection":[{"href":"https:\/\/sgtr.keller-web.ch\/index.php\/wp-json\/wp\/v2\/pages"}],"about":[{"href":"https:\/\/sgtr.keller-web.ch\/index.php\/wp-json\/wp\/v2\/types\/page"}],"author":[{"embeddable":true,"href":"https:\/\/sgtr.keller-web.ch\/index.php\/wp-json\/wp\/v2\/users\/1"}],"replies":[{"embeddable":true,"href":"https:\/\/sgtr.keller-web.ch\/index.php\/wp-json\/wp\/v2\/comments?post=14190"}],"version-history":[{"count":4,"href":"https:\/\/sgtr.keller-web.ch\/index.php\/wp-json\/wp\/v2\/pages\/14190\/revisions"}],"predecessor-version":[{"id":14267,"href":"https:\/\/sgtr.keller-web.ch\/index.php\/wp-json\/wp\/v2\/pages\/14190\/revisions\/14267"}],"wp:attachment":[{"href":"https:\/\/sgtr.keller-web.ch\/index.php\/wp-json\/wp\/v2\/media?parent=14190"}],"curies":[{"name":"wp","href":"https:\/\/api.w.org\/{rel}","templated":true}]}}