{"id":13718,"date":"2021-10-04T12:46:08","date_gmt":"2021-10-04T10:46:08","guid":{"rendered":"http:\/\/sgtr.gecko-computing.ch\/?page_id=13718"},"modified":"2022-03-07T14:57:06","modified_gmt":"2022-03-07T13:57:06","slug":"news","status":"publish","type":"page","link":"https:\/\/sgtr.keller-web.ch\/index.php\/der-verein\/news\/","title":{"rendered":"News"},"content":{"rendered":"<div class=\"fusion-fullwidth fullwidth-box fusion-builder-row-1 fusion-flex-container nonhundred-percent-fullwidth non-hundred-percent-height-scrolling\" style=\"background-color: rgba(255,255,255,0);background-position: center center;background-repeat: no-repeat;border-width: 0px 0px 0px 0px;border-color:#eae9e9;border-style:solid;\" ><div class=\"fusion-builder-row fusion-row fusion-flex-align-items-flex-start\" style=\"max-width:1216.8px;margin-left: calc(-4% \/ 2 );margin-right: calc(-4% \/ 2 );\"><div class=\"fusion-layout-column fusion_builder_column fusion-builder-column-0 fusion_builder_column_1_1 1_1 fusion-flex-column\"><div class=\"fusion-column-wrapper fusion-flex-justify-content-flex-start fusion-content-layout-column\" style=\"background-position:left top;background-repeat:no-repeat;-webkit-background-size:cover;-moz-background-size:cover;-o-background-size:cover;background-size:cover;padding: 0px 0px 0px 0px;\"><style type=\"text\/css\">@media only screen and (max-width:1024px) {.fusion-title.fusion-title-1{margin-top:0px!important; margin-right:0px!important;margin-bottom:30px!important;margin-left:0px!important;}}@media only screen and (max-width:640px) {.fusion-title.fusion-title-1{margin-top:0px!important; margin-right:0px!important;margin-bottom:20px!important; margin-left:0px!important;}}<\/style><div class=\"fusion-title title fusion-title-1 fusion-title-text fusion-title-size-two\" style=\"margin-top:0px;margin-right:0px;margin-bottom:30px;margin-left:0px;\"><div class=\"title-sep-container title-sep-container-left fusion-no-large-visibility fusion-no-medium-visibility fusion-no-small-visibility\"><div class=\"title-sep sep-\" style=\"border-color:#e0dede;\"><\/div><\/div><span class=\"awb-title-spacer fusion-no-large-visibility fusion-no-medium-visibility fusion-no-small-visibility\"><\/span><h2 class=\"title-heading-left\" style=\"margin:0;\"><h2><span style=\"color: #ff6600;\"><strong>NEWS<\/strong><\/span><\/h2><\/h2><span class=\"awb-title-spacer\"><\/span><div class=\"title-sep-container title-sep-container-right\"><div class=\"title-sep sep-\" style=\"border-color:#e0dede;\"><\/div><\/div><\/div><div class=\"fusion-separator fusion-full-width-sep\" style=\"align-self: center;margin-left: auto;margin-right: auto;margin-top:10px;margin-bottom:40px;width:100%;\"><div class=\"fusion-separator-border sep-single sep-solid\" style=\"border-color:#e0dede;border-top-width:1px;\"><\/div><\/div><div class=\"fusion-text fusion-text-1\"><p>Die NEWS ist das offizielle Mitteilungsblatt der SG-TR, das gemeinsam vom Verein und vom Collegium f\u00fcr Ausbildung herausgegeben wird und viertelj\u00e4hrlich erscheint. Es informiert die Mitglieder \u00fcber Aktuelles, die Mitgliederversammlung, Fortbildungsveranstaltungen, Zertifizierungen, Anzeigen oder neue Literatur.<\/p>\n<p><a href=\"https:\/\/sgtr.keller-web.ch\/wp-content\/uploads\/2022\/02\/news-1_2022.pdf\" target=\"_blank\" rel=\"noopener\">Ausgabe 1\/2022<\/a><\/p>\n<p><a href=\"http:\/\/sg-tr.ch\/v2\/includes\/media\/news-4_2021.pdf\">A<\/a><a href=\"https:\/\/sgtr.keller-web.ch\/wp-content\/uploads\/2022\/01\/news-4_2021.pdf\">usgabe 4\/2021<\/a><br \/>\n<a href=\"https:\/\/sgtr.keller-web.ch\/wp-content\/uploads\/2022\/01\/news-3_2021.pdf\">Ausgabe 3\/2021<\/a><br \/>\n<a href=\"https:\/\/sgtr.keller-web.ch\/wp-content\/uploads\/2022\/01\/news-2_2021.pdf\">Ausgabe 2\/2021<\/a><br \/>\n<a href=\"https:\/\/sgtr.keller-web.ch\/wp-content\/uploads\/2022\/01\/news-1_21.pdf\">Ausgabe 1\/2021<\/a><\/p>\n<p><a href=\"https:\/\/sgtr.keller-web.ch\/wp-content\/uploads\/2022\/01\/news-4_20.pdf\">Ausgabe 4\/2020<\/a><br \/>\n<a href=\"https:\/\/sgtr.keller-web.ch\/wp-content\/uploads\/2022\/01\/news-3_20.pdf\">Ausgabe 3\/2020<\/a><br \/>\n<a href=\"https:\/\/sgtr.keller-web.ch\/wp-content\/uploads\/2022\/01\/news-2_20.pdf\">Ausgabe 2\/2020<\/a><br \/>\n<a href=\"https:\/\/sgtr.keller-web.ch\/wp-content\/uploads\/2022\/01\/news-1_20.pdf\">Ausgabe 1\/2020<\/a><\/p>\n<p><a href=\"https:\/\/sgtr.keller-web.ch\/wp-content\/uploads\/2022\/01\/news-4_19.pdf\">Ausgabe 4\/2019<\/a><br \/>\n<a href=\"https:\/\/sgtr.keller-web.ch\/wp-content\/uploads\/2022\/01\/news-19_3-ohne-login.pdf\">Ausgabe 3\/2019<\/a><br \/>\n<a href=\"https:\/\/sgtr.keller-web.ch\/wp-content\/uploads\/2022\/01\/news-19_2-ohne-login.pdf\">Ausgabe 2\/2019<\/a><br \/>\n<a href=\"https:\/\/sgtr.keller-web.ch\/wp-content\/uploads\/2022\/01\/news-19_1-ohne-login.pdf\">Ausgabe 1\/2019<\/a>&nbsp; &nbsp;<\/p>\n<p><a href=\"https:\/\/sgtr.keller-web.ch\/wp-content\/uploads\/2022\/01\/news-18_4-ohne-login.pdf\">Ausgabe 4\/2018<\/a><br \/>\n<a href=\"https:\/\/sgtr.keller-web.ch\/wp-content\/uploads\/2022\/01\/news-18_3-ohne-login.pdf\">Ausgabe 3\/2018<\/a><br \/>\n<a href=\"https:\/\/sgtr.keller-web.ch\/wp-content\/uploads\/2022\/01\/news-18_2-ohne-login.pdf\">Ausgabe 2\/2018<\/a><br \/>\n<a href=\"https:\/\/sgtr.keller-web.ch\/wp-content\/uploads\/2022\/01\/news-1_18-ohne-login.pdf\">Ausgabe 1\/2018<\/a><\/p>\n<\/div><\/div><style type=\"text\/css\">.fusion-body .fusion-builder-column-0{width:100% !important;margin-top : 0px;margin-bottom : 20px;}.fusion-builder-column-0 > .fusion-column-wrapper {padding-top : 0px !important;padding-right : 0px !important;margin-right : 1.92%;padding-bottom : 0px !important;padding-left : 0px !important;margin-left : 1.92%;}@media only screen and (max-width:1024px) {.fusion-body .fusion-builder-column-0{width:100% !important;order : 0;}.fusion-builder-column-0 > .fusion-column-wrapper {margin-right : 1.92%;margin-left : 1.92%;}}@media only screen and (max-width:640px) {.fusion-body .fusion-builder-column-0{width:100% !important;order : 0;}.fusion-builder-column-0 > .fusion-column-wrapper {margin-right : 1.92%;margin-left : 1.92%;}}<\/style><\/div><\/div><style type=\"text\/css\">.fusion-body .fusion-flex-container.fusion-builder-row-1{ padding-top : 0px;margin-top : 0px;padding-right : 0px;padding-bottom : 0px;margin-bottom : 0px;padding-left : 0px;}<\/style><\/div>\n","protected":false},"excerpt":{"rendered":"","protected":false},"author":1,"featured_media":0,"parent":13201,"menu_order":0,"comment_status":"closed","ping_status":"closed","template":"","meta":{"ngg_post_thumbnail":0},"_links":{"self":[{"href":"https:\/\/sgtr.keller-web.ch\/index.php\/wp-json\/wp\/v2\/pages\/13718"}],"collection":[{"href":"https:\/\/sgtr.keller-web.ch\/index.php\/wp-json\/wp\/v2\/pages"}],"about":[{"href":"https:\/\/sgtr.keller-web.ch\/index.php\/wp-json\/wp\/v2\/types\/page"}],"author":[{"embeddable":true,"href":"https:\/\/sgtr.keller-web.ch\/index.php\/wp-json\/wp\/v2\/users\/1"}],"replies":[{"embeddable":true,"href":"https:\/\/sgtr.keller-web.ch\/index.php\/wp-json\/wp\/v2\/comments?post=13718"}],"version-history":[{"count":6,"href":"https:\/\/sgtr.keller-web.ch\/index.php\/wp-json\/wp\/v2\/pages\/13718\/revisions"}],"predecessor-version":[{"id":14265,"href":"https:\/\/sgtr.keller-web.ch\/index.php\/wp-json\/wp\/v2\/pages\/13718\/revisions\/14265"}],"up":[{"embeddable":true,"href":"https:\/\/sgtr.keller-web.ch\/index.php\/wp-json\/wp\/v2\/pages\/13201"}],"wp:attachment":[{"href":"https:\/\/sgtr.keller-web.ch\/index.php\/wp-json\/wp\/v2\/media?parent=13718"}],"curies":[{"name":"wp","href":"https:\/\/api.w.org\/{rel}","templated":true}]}}