{"id":13510,"date":"2015-10-05T18:50:13","date_gmt":"2015-10-05T16:50:13","guid":{"rendered":"http:\/\/sgtr.ch\/dev\/wp\/?page_id=13510"},"modified":"2022-03-07T14:59:32","modified_gmt":"2022-03-07T13:59:32","slug":"13510-2","status":"publish","type":"page","link":"https:\/\/sgtr.keller-web.ch\/index.php\/der-verein\/13510-2\/","title":{"rendered":"Shop"},"content":{"rendered":"<div class=\"fusion-fullwidth fullwidth-box fusion-builder-row-1 fusion-flex-container nonhundred-percent-fullwidth non-hundred-percent-height-scrolling\" style=\"background-color: rgba(255,255,255,0);background-position: left top;background-repeat: no-repeat;border-width: 0px 0px 0px 0px;border-color:#eae9e9;border-style:solid;\" ><div class=\"fusion-builder-row fusion-row fusion-flex-align-items-flex-start\" style=\"max-width:1216.8px;margin-left: calc(-4% \/ 2 );margin-right: calc(-4% \/ 2 );\"><div class=\"fusion-layout-column fusion_builder_column fusion-builder-column-0 fusion_builder_column_1_1 1_1 fusion-flex-column fusion-flex-align-self-flex-start fusion-column-no-min-height\"><div class=\"fusion-column-wrapper fusion-flex-justify-content-flex-start fusion-content-layout-column\" style=\"background-position:left top;background-repeat:no-repeat;-webkit-background-size:cover;-moz-background-size:cover;-o-background-size:cover;background-size:cover;padding: 0px 0px 0px 0px;\"><style type=\"text\/css\">@media only screen and (max-width:1024px) {.fusion-title.fusion-title-1{margin-top:0px!important; margin-right:0px!important;margin-bottom:30px!important;margin-left:0px!important;}}@media only screen and (max-width:640px) {.fusion-title.fusion-title-1{margin-top:0px!important; margin-right:0px!important;margin-bottom:20px!important; margin-left:0px!important;}}<\/style><div class=\"fusion-title title fusion-title-1 fusion-title-text fusion-title-size-two\" style=\"margin-top:0px;margin-right:0px;margin-bottom:30px;margin-left:0px;\"><div class=\"title-sep-container title-sep-container-left fusion-no-large-visibility fusion-no-medium-visibility fusion-no-small-visibility\"><div class=\"title-sep sep-\" style=\"border-color:#e0dede;\"><\/div><\/div><span class=\"awb-title-spacer fusion-no-large-visibility fusion-no-medium-visibility fusion-no-small-visibility\"><\/span><h2 class=\"title-heading-left\" style=\"margin:0;\"><span style=\"color: #ff6600;\"><strong>Shop<\/strong><\/span><\/h2><span class=\"awb-title-spacer\"><\/span><div class=\"title-sep-container title-sep-container-right\"><div class=\"title-sep sep-\" style=\"border-color:#e0dede;\"><\/div><\/div><\/div><div class=\"fusion-separator fusion-full-width-sep\" style=\"align-self: center;margin-left: auto;margin-right: auto;margin-top:10px;margin-bottom:40px;width:100%;\"><div class=\"fusion-separator-border sep-single sep-solid\" style=\"border-color:#e0dede;border-top-width:1px;\"><\/div><\/div><div class=\"fusion-text fusion-text-1\"><p>Es erwarten Sie bald wieder neue Angebote in unserem Shop!&nbsp;<\/p>\n<p>Ansichtsexemplare von der &#8222;Mensch und Pferd&#8220; k\u00f6nnen gegen \u00dcbernahme der Portokosten bei Barbara G\u00e4ng,&nbsp;<span class=\"jQueryEmail\"><a href=\"mailto:barbara.gaeng@bluewin.ch\">barbara.gaeng@bluewin.ch<\/a><\/span>&nbsp;bestellt werden.<\/p>\n<table border=\"0\">\n<tbody>\n<tr>\n<td>&nbsp;<\/p>\n<p>&#8218;<strong>Ausbildung und Praxisfelder im Heilp\u00e4dagogischen Reiten und Voltigieren<\/strong>&#8218;<\/p>\n<p>4. Auflage 2009, zum&nbsp;reduzierten Preis&nbsp;von&nbsp;CHF 15.00&nbsp;oder&nbsp;EUR 12.00 zuz\u00fcglich Versandkosten.<\/p>\n<p>Dieses Buch geh\u00f6rt zur Standardlekt\u00fcre im Bereich des Heilp\u00e4dagogischen Reitens und Voltigierens.<\/p>\n<p>Mit Beitr\u00e4gen von Marianne G\u00e4ng, Marcel Jenzer, Sonja Morgenegg, Helga Podlech, Karin Reigner, Bernhard Ringbeck ua.<\/p>\n<p>&nbsp;<\/p>\n<p><strong>Bestellung<\/strong>&nbsp;an: Barbara G\u00e4ng,&nbsp;<span class=\"jQueryEmail\"><a href=\"mailto:barbara.gaeng@bluewin.ch\">barbara.gaeng@bluewin.ch<\/a><\/span>&nbsp;<\/p>\n<p>&nbsp;<\/p>\n<\/td>\n<td>&nbsp; &nbsp; &nbsp;<a href=\"https:\/\/sgtr.keller-web.ch\/wp-content\/uploads\/2022\/01\/shopBook1.png\"><img class=\"lazyload alignnone size-medium wp-image-14168\" src=\"https:\/\/sgtr.keller-web.ch\/wp-content\/uploads\/2022\/01\/shopBook1-186x300.png\" data-orig-src=\"https:\/\/sgtr.keller-web.ch\/wp-content\/uploads\/2022\/01\/shopBook1-186x300.png\" alt=\"\" width=\"241\" height=\"388\" srcset=\"data:image\/svg+xml,%3Csvg%20xmlns%3D%27http%3A%2F%2Fwww.w3.org%2F2000%2Fsvg%27%20width%3D%27241%27%20height%3D%27388%27%20viewBox%3D%270%200%20241%20388%27%3E%3Crect%20width%3D%27241%27%20height%3D%27388%27%20fill-opacity%3D%220%22%2F%3E%3C%2Fsvg%3E\" data-srcset=\"https:\/\/sgtr.keller-web.ch\/wp-content\/uploads\/2022\/01\/shopBook1-186x300.png 186w, https:\/\/sgtr.keller-web.ch\/wp-content\/uploads\/2022\/01\/shopBook1-200x322.png 200w, https:\/\/sgtr.keller-web.ch\/wp-content\/uploads\/2022\/01\/shopBook1-400x644.png 400w, https:\/\/sgtr.keller-web.ch\/wp-content\/uploads\/2022\/01\/shopBook1.png 540w\" data-sizes=\"auto\" data-orig-sizes=\"(max-width: 241px) 100vw, 241px\" \/><\/a><\/td>\n<\/tr>\n<\/tbody>\n<\/table>\n<p>&nbsp;<\/p>\n<\/div><\/div><style type=\"text\/css\">.fusion-body .fusion-builder-column-0{width:100% !important;margin-top : 0px;margin-bottom : 0px;}.fusion-builder-column-0 > .fusion-column-wrapper {padding-top : 0px !important;padding-right : 0px !important;margin-right : 1.92%;padding-bottom : 0px !important;padding-left : 0px !important;margin-left : 1.92%;}@media only screen and (max-width:1024px) {.fusion-body .fusion-builder-column-0{width:100% !important;}.fusion-builder-column-0 > .fusion-column-wrapper {margin-right : 1.92%;margin-left : 1.92%;}}@media only screen and (max-width:640px) {.fusion-body .fusion-builder-column-0{width:100% !important;}.fusion-builder-column-0 > .fusion-column-wrapper {margin-right : 1.92%;margin-left : 1.92%;}}<\/style><\/div><\/div><style type=\"text\/css\">.fusion-body .fusion-flex-container.fusion-builder-row-1{ padding-top : 20px;margin-top : 0px;padding-right : 0px;padding-bottom : 20px;margin-bottom : 0px;padding-left : 0px;}<\/style><\/div>\n","protected":false},"excerpt":{"rendered":"","protected":false},"author":1,"featured_media":0,"parent":13201,"menu_order":0,"comment_status":"closed","ping_status":"closed","template":"","meta":{"ngg_post_thumbnail":0},"_links":{"self":[{"href":"https:\/\/sgtr.keller-web.ch\/index.php\/wp-json\/wp\/v2\/pages\/13510"}],"collection":[{"href":"https:\/\/sgtr.keller-web.ch\/index.php\/wp-json\/wp\/v2\/pages"}],"about":[{"href":"https:\/\/sgtr.keller-web.ch\/index.php\/wp-json\/wp\/v2\/types\/page"}],"author":[{"embeddable":true,"href":"https:\/\/sgtr.keller-web.ch\/index.php\/wp-json\/wp\/v2\/users\/1"}],"replies":[{"embeddable":true,"href":"https:\/\/sgtr.keller-web.ch\/index.php\/wp-json\/wp\/v2\/comments?post=13510"}],"version-history":[{"count":8,"href":"https:\/\/sgtr.keller-web.ch\/index.php\/wp-json\/wp\/v2\/pages\/13510\/revisions"}],"predecessor-version":[{"id":14270,"href":"https:\/\/sgtr.keller-web.ch\/index.php\/wp-json\/wp\/v2\/pages\/13510\/revisions\/14270"}],"up":[{"embeddable":true,"href":"https:\/\/sgtr.keller-web.ch\/index.php\/wp-json\/wp\/v2\/pages\/13201"}],"wp:attachment":[{"href":"https:\/\/sgtr.keller-web.ch\/index.php\/wp-json\/wp\/v2\/media?parent=13510"}],"curies":[{"name":"wp","href":"https:\/\/api.w.org\/{rel}","templated":true}]}}