{"id":13262,"date":"2015-10-05T17:57:55","date_gmt":"2015-10-05T15:57:55","guid":{"rendered":"http:\/\/sgtr.ch\/dev\/wp\/?page_id=13262"},"modified":"2022-03-07T14:59:23","modified_gmt":"2022-03-07T13:59:23","slug":"antrag-mitgliedschaft","status":"publish","type":"page","link":"https:\/\/sgtr.keller-web.ch\/index.php\/der-verein\/antrag-mitgliedschaft\/","title":{"rendered":"Antrag Mitgliedschaft"},"content":{"rendered":"<div class=\"fusion-fullwidth fullwidth-box fusion-builder-row-1 fusion-flex-container nonhundred-percent-fullwidth non-hundred-percent-height-scrolling\" style=\"background-color: rgba(255,255,255,0);background-position: left top;background-repeat: no-repeat;border-width: 0px 0px 0px 0px;border-color:#eae9e9;border-style:solid;\" ><div class=\"fusion-builder-row fusion-row fusion-flex-align-items-flex-start\" style=\"max-width:1216.8px;margin-left: calc(-4% \/ 2 );margin-right: calc(-4% \/ 2 );\"><div class=\"fusion-layout-column fusion_builder_column fusion-builder-column-0 fusion_builder_column_1_1 1_1 fusion-flex-column fusion-flex-align-self-flex-start fusion-column-no-min-height\"><div class=\"fusion-column-wrapper fusion-flex-justify-content-flex-start fusion-content-layout-column\" style=\"background-position:left top;background-repeat:no-repeat;-webkit-background-size:cover;-moz-background-size:cover;-o-background-size:cover;background-size:cover;padding: 0px 0px 0px 0px;\"><style type=\"text\/css\">@media only screen and (max-width:1024px) {.fusion-title.fusion-title-1{margin-top:0px!important; margin-right:0px!important;margin-bottom:30px!important;margin-left:0px!important;}}@media only screen and (max-width:640px) {.fusion-title.fusion-title-1{margin-top:0px!important; margin-right:0px!important;margin-bottom:20px!important; margin-left:0px!important;}}<\/style><div class=\"fusion-title title fusion-title-1 fusion-title-text fusion-title-size-two\" style=\"margin-top:0px;margin-right:0px;margin-bottom:30px;margin-left:0px;\"><div class=\"title-sep-container title-sep-container-left fusion-no-large-visibility fusion-no-medium-visibility fusion-no-small-visibility\"><div class=\"title-sep sep-\" style=\"border-color:#e0dede;\"><\/div><\/div><span class=\"awb-title-spacer fusion-no-large-visibility fusion-no-medium-visibility fusion-no-small-visibility\"><\/span><h2 class=\"title-heading-left\" style=\"margin:0;\"><span style=\"color: #ff6600;\"><strong>Mitgliedschaft im Verein<\/strong><\/span><\/h2><span class=\"awb-title-spacer\"><\/span><div class=\"title-sep-container title-sep-container-right\"><div class=\"title-sep sep-\" style=\"border-color:#e0dede;\"><\/div><\/div><\/div><div class=\"fusion-separator fusion-full-width-sep\" style=\"align-self: center;margin-left: auto;margin-right: auto;margin-top:10px;margin-bottom:40px;width:100%;\"><div class=\"fusion-separator-border sep-single sep-solid\" style=\"border-color:#e0dede;border-top-width:1px;\"><\/div><\/div><div class=\"fusion-text fusion-text-1\"><p>Als Mitglied<\/p>\n<ul>\n<li>haben Sie die M\u00f6glichkeit zum fachlichen Austausch mit anderen Reittherapeut\/innen oder Reitp\u00e4dagog\/innen<\/li>\n<li>bietet sich an der j\u00e4hrlichen Mitgliederversammlung Gelegenheit f\u00fcr Fortbildung auf dem Gebiet des p\u00e4dagogischen oder therapeutischen Reitens<\/li>\n<li>erhalten Sie Empfehlungen f\u00fcr Fortbildungen oder Buch- und Literaturtipps<\/li>\n<li>erhalten Sie ein Abonnement der Zeitschrift &#8222;Mensch und Pferd international&#8220;<\/li>\n<li>erhalten Sie die NEWS, das offizielle Mitteilungsblatt der SG-TR, die Sie \u00fcber die Vereinst\u00e4tigkeit auf dem Laufenden h\u00e4lt.<\/li>\n<li>Sie k\u00f6nnen dem Verein SG-TR als Aktivmitglied (abgeschlossene oder angefangene Ausbildung) oder G\u00f6nnermitglied (offen f\u00fcr alle Interessierten) beitreten.<\/li>\n<\/ul>\n<p>&nbsp;<\/p>\n<p>Sie m\u00f6chten der SG-TR beitreten?&nbsp;Dann f\u00fcllen Sie das Beitrittsformular vollst\u00e4ndig aus und schicken es an:<\/p>\n<p><strong>Anita Erne<br \/><\/strong><span class=\"jQueryEmail\"><a href=\"mailto:anita.erne@gmail.com\">anita.erne@gmail.com<\/a><\/span>&nbsp;<\/p>\n<p>&nbsp; &nbsp;<\/p>\n<p><a href=\"https:\/\/keller-web.ch\/sgtr\/wp-content\/uploads\/2022\/01\/anmeldef_vereinsmitglied_2016.pdf\" target=\"_blank\" rel=\"noopener\">Beitrittsformular<\/a><\/p>\n<\/div><\/div><style type=\"text\/css\">.fusion-body .fusion-builder-column-0{width:100% !important;margin-top : 0px;margin-bottom : 0px;}.fusion-builder-column-0 > .fusion-column-wrapper {padding-top : 0px !important;padding-right : 0px !important;margin-right : 1.92%;padding-bottom : 0px !important;padding-left : 0px !important;margin-left : 1.92%;}@media only screen and (max-width:1024px) {.fusion-body .fusion-builder-column-0{width:100% !important;}.fusion-builder-column-0 > .fusion-column-wrapper {margin-right : 1.92%;margin-left : 1.92%;}}@media only screen and (max-width:640px) {.fusion-body .fusion-builder-column-0{width:100% !important;}.fusion-builder-column-0 > .fusion-column-wrapper {margin-right : 1.92%;margin-left : 1.92%;}}<\/style><\/div><\/div><style type=\"text\/css\">.fusion-body .fusion-flex-container.fusion-builder-row-1{ padding-top : 20px;margin-top : 0px;padding-right : 0px;padding-bottom : 20px;margin-bottom : 0px;padding-left : 0px;}<\/style><\/div>\n","protected":false},"excerpt":{"rendered":"","protected":false},"author":1,"featured_media":0,"parent":13201,"menu_order":0,"comment_status":"closed","ping_status":"closed","template":"","meta":{"ngg_post_thumbnail":0},"_links":{"self":[{"href":"https:\/\/sgtr.keller-web.ch\/index.php\/wp-json\/wp\/v2\/pages\/13262"}],"collection":[{"href":"https:\/\/sgtr.keller-web.ch\/index.php\/wp-json\/wp\/v2\/pages"}],"about":[{"href":"https:\/\/sgtr.keller-web.ch\/index.php\/wp-json\/wp\/v2\/types\/page"}],"author":[{"embeddable":true,"href":"https:\/\/sgtr.keller-web.ch\/index.php\/wp-json\/wp\/v2\/users\/1"}],"replies":[{"embeddable":true,"href":"https:\/\/sgtr.keller-web.ch\/index.php\/wp-json\/wp\/v2\/comments?post=13262"}],"version-history":[{"count":9,"href":"https:\/\/sgtr.keller-web.ch\/index.php\/wp-json\/wp\/v2\/pages\/13262\/revisions"}],"predecessor-version":[{"id":14269,"href":"https:\/\/sgtr.keller-web.ch\/index.php\/wp-json\/wp\/v2\/pages\/13262\/revisions\/14269"}],"up":[{"embeddable":true,"href":"https:\/\/sgtr.keller-web.ch\/index.php\/wp-json\/wp\/v2\/pages\/13201"}],"wp:attachment":[{"href":"https:\/\/sgtr.keller-web.ch\/index.php\/wp-json\/wp\/v2\/media?parent=13262"}],"curies":[{"name":"wp","href":"https:\/\/api.w.org\/{rel}","templated":true}]}}