{"id":13223,"date":"2015-09-29T20:37:23","date_gmt":"2015-09-29T18:37:23","guid":{"rendered":"http:\/\/sgtr.ch\/dev\/wp\/?page_id=13223"},"modified":"2022-01-16T19:16:30","modified_gmt":"2022-01-16T18:16:30","slug":"13223-2","status":"publish","type":"page","link":"https:\/\/sgtr.keller-web.ch\/index.php\/der-verein\/13223-2\/","title":{"rendered":"Veranstaltungen"},"content":{"rendered":"<div class=\"fusion-fullwidth fullwidth-box fusion-builder-row-1 fusion-flex-container nonhundred-percent-fullwidth non-hundred-percent-height-scrolling\" style=\"background-color: rgba(255,255,255,0);background-position: left top;background-repeat: no-repeat;border-width: 0px 0px 0px 0px;border-color:#eae9e9;border-style:solid;\" ><div class=\"fusion-builder-row fusion-row fusion-flex-align-items-flex-start\" style=\"max-width:1216.8px;margin-left: calc(-4% \/ 2 );margin-right: calc(-4% \/ 2 );\"><div class=\"fusion-layout-column fusion_builder_column fusion-builder-column-0 fusion_builder_column_1_1 1_1 fusion-flex-column fusion-flex-align-self-flex-start fusion-column-no-min-height\"><div class=\"fusion-column-wrapper fusion-flex-justify-content-flex-start fusion-content-layout-column\" style=\"background-position:left top;background-repeat:no-repeat;-webkit-background-size:cover;-moz-background-size:cover;-o-background-size:cover;background-size:cover;padding: 0px 0px 0px 0px;\"><style type=\"text\/css\">@media only screen and (max-width:1024px) {.fusion-title.fusion-title-1{margin-top:0px!important; margin-right:0px!important;margin-bottom:30px!important;margin-left:0px!important;}}@media only screen and (max-width:640px) {.fusion-title.fusion-title-1{margin-top:0px!important; margin-right:0px!important;margin-bottom:20px!important; margin-left:0px!important;}}<\/style><div class=\"fusion-title title fusion-title-1 fusion-title-text fusion-title-size-two\" style=\"margin-top:0px;margin-right:0px;margin-bottom:30px;margin-left:0px;\"><div class=\"title-sep-container title-sep-container-left fusion-no-large-visibility fusion-no-medium-visibility fusion-no-small-visibility\"><div class=\"title-sep sep-\" style=\"border-color:#e0dede;\"><\/div><\/div><span class=\"awb-title-spacer fusion-no-large-visibility fusion-no-medium-visibility fusion-no-small-visibility\"><\/span><h2 class=\"title-heading-left\" style=\"margin:0;\"><span style=\"color: #6796bf;\"><strong>Veranstaltungen<\/strong><\/span><\/h2><span class=\"awb-title-spacer\"><\/span><div class=\"title-sep-container title-sep-container-right\"><div class=\"title-sep sep-\" style=\"border-color:#e0dede;\"><\/div><\/div><\/div><div class=\"fusion-separator fusion-full-width-sep\" style=\"align-self: center;margin-left: auto;margin-right: auto;margin-top:10px;margin-bottom:40px;width:100%;\"><div class=\"fusion-separator-border sep-single sep-solid\" style=\"border-color:#e0dede;border-top-width:1px;\"><\/div><\/div><div class=\"fusion-text fusion-text-1\"><p>Veranstaltungen f\u00fcr das laufende Jahr 2021 sind im Fortbildungsprogramm unter der Rubrik Fortbildung ausgeschrieben.&nbsp;Bei Interesse melden Sie sich bitte direkt bei den Veranstaltern selber.<\/p>\n<p><b>Mitgliederversammlung SG-TR 30. April \/1. Mai 2022 in D-Aegidienberg<br \/>\n<\/b>Leider mussten wir dieses Jahr die geplante MV im Gangpferdezentrum von Walter Feldmann in Aegidienberg bei Bad Honnef wegen der Coronapandemie ein zweites Mal absagen. Aller guten Dinge sind 3 und deshalb nehmen wir einen dritten und hoffentlich nun endlich erfolgreichen Anlauf.&nbsp; Gerne erinnern wir euch an den&nbsp;<b>Anmeldeschluss vom 31. Janaur 2022<\/b>! Wir nehmen auch dieses Jahr keine Anmeldungen mehr nach diesem Datum entgegen! Alle n\u00f6tigen Infos und das Anmeldeformular findet ihr&nbsp;<a href=\"https:\/\/sgtr.keller-web.ch\/wp-content\/uploads\/2022\/01\/aussschreibung-26.-mv-im-gangpferdezentrum-aegidienberg-bei-walter-feldmann.pdf\">hier<\/a>.<\/p>\n<p><b>Betriebsbesichtigung 2021<br \/>\n<\/b>Am Sonntag, 13. Juni 2021&nbsp;durften wir einen Einblick ins Schulheim in Effingen und seine Tierp\u00e4dagogik bekommen. Sie finden hier einen&nbsp;<a href=\"https:\/\/sgtr.keller-web.ch\/wp-content\/uploads\/2022\/01\/bericht-der-betriebsbesichtigung-sg-tr-im-schulheim-effingen.pdf\">ausf\u00fchrlichen Bericht<\/a>&nbsp;unserer Betriebsbesichtigung und den&nbsp;<a href=\"https:\/\/sgtr.keller-web.ch\/wp-content\/uploads\/2022\/01\/zeitungsbericht-nfz-betriebsbesichtigung.pdf\">Zeitungsbericht aus der Neuen Fricktaler Zeitung<\/a>.<b><br \/>\n<\/b><\/p>\n<p><b>Absage Mitgliederversammlung 2021 Aegidienberg<br \/>\n<\/b>Die epidemiologische Lage l\u00e4sst erneut nicht zu unsere Mitgliederversammlung im gewohnten Rahmen durchzuf\u00fchren. Alle weiteren Informationen finden Sie in diesem ausf\u00fchrlichen&nbsp;<a href=\"https:\/\/sgtr.keller-web.ch\/wp-content\/uploads\/2022\/01\/absage-mv-sg-tr-mai-2021.pdf\">Informationsdokument<\/a>.<\/p>\n<\/div><\/div><style type=\"text\/css\">.fusion-body .fusion-builder-column-0{width:100% !important;margin-top : 0px;margin-bottom : 0px;}.fusion-builder-column-0 > .fusion-column-wrapper {padding-top : 0px !important;padding-right : 0px !important;margin-right : 1.92%;padding-bottom : 0px !important;padding-left : 0px !important;margin-left : 1.92%;}@media only screen and (max-width:1024px) {.fusion-body .fusion-builder-column-0{width:100% !important;}.fusion-builder-column-0 > .fusion-column-wrapper {margin-right : 1.92%;margin-left : 1.92%;}}@media only screen and (max-width:640px) {.fusion-body .fusion-builder-column-0{width:100% !important;}.fusion-builder-column-0 > .fusion-column-wrapper {margin-right : 1.92%;margin-left : 1.92%;}}<\/style><\/div><\/div><style type=\"text\/css\">.fusion-body .fusion-flex-container.fusion-builder-row-1{ padding-top : 20px;margin-top : 0px;padding-right : 0px;padding-bottom : 20px;margin-bottom : 0px;padding-left : 0px;}<\/style><\/div>\n","protected":false},"excerpt":{"rendered":"","protected":false},"author":1,"featured_media":0,"parent":13201,"menu_order":0,"comment_status":"closed","ping_status":"closed","template":"","meta":{"ngg_post_thumbnail":0},"_links":{"self":[{"href":"https:\/\/sgtr.keller-web.ch\/index.php\/wp-json\/wp\/v2\/pages\/13223"}],"collection":[{"href":"https:\/\/sgtr.keller-web.ch\/index.php\/wp-json\/wp\/v2\/pages"}],"about":[{"href":"https:\/\/sgtr.keller-web.ch\/index.php\/wp-json\/wp\/v2\/types\/page"}],"author":[{"embeddable":true,"href":"https:\/\/sgtr.keller-web.ch\/index.php\/wp-json\/wp\/v2\/users\/1"}],"replies":[{"embeddable":true,"href":"https:\/\/sgtr.keller-web.ch\/index.php\/wp-json\/wp\/v2\/comments?post=13223"}],"version-history":[{"count":8,"href":"https:\/\/sgtr.keller-web.ch\/index.php\/wp-json\/wp\/v2\/pages\/13223\/revisions"}],"predecessor-version":[{"id":14186,"href":"https:\/\/sgtr.keller-web.ch\/index.php\/wp-json\/wp\/v2\/pages\/13223\/revisions\/14186"}],"up":[{"embeddable":true,"href":"https:\/\/sgtr.keller-web.ch\/index.php\/wp-json\/wp\/v2\/pages\/13201"}],"wp:attachment":[{"href":"https:\/\/sgtr.keller-web.ch\/index.php\/wp-json\/wp\/v2\/media?parent=13223"}],"curies":[{"name":"wp","href":"https:\/\/api.w.org\/{rel}","templated":true}]}}