{"id":13220,"date":"2015-09-29T20:32:26","date_gmt":"2015-09-29T18:32:26","guid":{"rendered":"http:\/\/sgtr.ch\/dev\/wp\/?page_id=13220"},"modified":"2022-03-07T14:56:11","modified_gmt":"2022-03-07T13:56:11","slug":"anzeige-stelleninserate","status":"publish","type":"page","link":"https:\/\/sgtr.keller-web.ch\/index.php\/der-verein\/anzeige-stelleninserate\/","title":{"rendered":"Anzeige | Stelleninserate"},"content":{"rendered":"<div class=\"fusion-fullwidth fullwidth-box fusion-builder-row-1 fusion-flex-container nonhundred-percent-fullwidth non-hundred-percent-height-scrolling\" style=\"background-color: rgba(255,255,255,0);background-position: left top;background-repeat: no-repeat;border-width: 0px 0px 0px 0px;border-color:#eae9e9;border-style:solid;\" ><div class=\"fusion-builder-row fusion-row fusion-flex-align-items-flex-start\" style=\"max-width:1216.8px;margin-left: calc(-4% \/ 2 );margin-right: calc(-4% \/ 2 );\"><div class=\"fusion-layout-column fusion_builder_column fusion-builder-column-0 fusion_builder_column_1_1 1_1 fusion-flex-column fusion-flex-align-self-flex-start fusion-column-no-min-height\"><div class=\"fusion-column-wrapper fusion-flex-justify-content-flex-start fusion-content-layout-column\" style=\"background-position:left top;background-repeat:no-repeat;-webkit-background-size:cover;-moz-background-size:cover;-o-background-size:cover;background-size:cover;padding: 0px 0px 0px 0px;\"><style type=\"text\/css\">@media only screen and (max-width:1024px) {.fusion-title.fusion-title-1{margin-top:0px!important; margin-right:0px!important;margin-bottom:30px!important;margin-left:0px!important;}}@media only screen and (max-width:640px) {.fusion-title.fusion-title-1{margin-top:0px!important; margin-right:0px!important;margin-bottom:20px!important; margin-left:0px!important;}}<\/style><div class=\"fusion-title title fusion-title-1 fusion-title-text fusion-title-size-two\" style=\"margin-top:0px;margin-right:0px;margin-bottom:30px;margin-left:0px;\"><div class=\"title-sep-container title-sep-container-left fusion-no-large-visibility fusion-no-medium-visibility fusion-no-small-visibility\"><div class=\"title-sep sep-\" style=\"border-color:#e0dede;\"><\/div><\/div><span class=\"awb-title-spacer fusion-no-large-visibility fusion-no-medium-visibility fusion-no-small-visibility\"><\/span><h2 class=\"title-heading-left\" style=\"margin:0;\"><span style=\"color: #ff6600;\"><strong>Anzeigen und Stelleninserate<\/strong><\/span><\/h2><span class=\"awb-title-spacer\"><\/span><div class=\"title-sep-container title-sep-container-right\"><div class=\"title-sep sep-\" style=\"border-color:#e0dede;\"><\/div><\/div><\/div><div class=\"fusion-separator fusion-full-width-sep\" style=\"align-self: center;margin-left: auto;margin-right: auto;margin-top:10px;margin-bottom:40px;width:100%;\"><div class=\"fusion-separator-border sep-single sep-solid\" style=\"border-color:#e0dede;border-top-width:1px;\"><\/div><\/div><div class=\"fusion-text fusion-text-1\"><p>Hier k\u00f6nnen Sie Inserate f\u00fcr offene Stellen, Stellengesuche, zu verkaufende Artikel oder Vermittlungsanzeigen f\u00fcr Pferde platzieren lassen. F\u00fcr Mitglieder der SG-TR ist das Aufschalten eines Inserats kostenlos. Nichtmitglieder werden Fr. 40.- in Rechnung gestellt. Die Inserate bleiben jeweils f\u00fcr 3 Monate online.<\/p>\n<p>12.12.2021<br \/>\n<strong>Neue, verantwortungsvolle Position innerhalb des Vorstandes der SG-TR&nbsp;&#8211;&nbsp;Berufspolitische Anliegen<\/strong><\/p>\n<p>Innerhalb unseres Vereinsvorstandes gilt es diese neue Position zu besetzen.<\/p>\n<p><strong>Auftrag<\/strong>:<br \/>\n\u2022 Sammeln, Lesen und Auswerten von Fachzeitschriften und Fachbeitr\u00e4gen<br \/>\n\u2022 Perspektiven aus den gelesenen Beitr\u00e4gen aufsp\u00fcren<br \/>\n\u2022 Vorschl\u00e4ge aus den gewonnenen Erkenntnissen formulieren<br \/>\n\u2022 Weiteres Vorgehen zuhanden des Vorstands vorschlagen<\/p>\n<p>Alle Informationen dazu k\u00f6nnen dem Dokument&nbsp;<a href=\"http:\/\/sg-tr.ch\/v2\/includes\/media\/berufspolitische-anliegen-vakanz-vorstand-sg-tr.pdf\">hier<\/a>&nbsp;entnommen werden.<\/p>\n<p><strong>Ulmer Herzkinder e.V.<\/strong><\/p>\n<p>Wir, der &nbsp;Ulmer Herzkinder e.V. sucht f\u00fcr seine Kinder mit angeborenen Herzfehlern und deren Geschwister die M\u00f6glichkeit zum Heilp\u00e4dagogischen Reiten. Liegt ihr Wirkungsfeld zwischen schw\u00e4bisch Gm\u00fcnd Richtung Ulm, bis zu Allg\u00e4u oder aber Richtung Bodensee w\u00fcrden wir uns freuen Sie kennenzulernen.<\/p>\n<p>Kontakt: Ramona K\u00f6hler,&nbsp;<span class=\"jQueryEmail\"><a href=\"mailto:koehler@ulmer-herzkinder.de\">koehler@ulmer-herzkinder.de<\/a><\/span><\/p>\n<\/div><\/div><style type=\"text\/css\">.fusion-body .fusion-builder-column-0{width:100% !important;margin-top : 0px;margin-bottom : 0px;}.fusion-builder-column-0 > .fusion-column-wrapper {padding-top : 0px !important;padding-right : 0px !important;margin-right : 1.92%;padding-bottom : 0px !important;padding-left : 0px !important;margin-left : 1.92%;}@media only screen and (max-width:1024px) {.fusion-body .fusion-builder-column-0{width:100% !important;}.fusion-builder-column-0 > .fusion-column-wrapper {margin-right : 1.92%;margin-left : 1.92%;}}@media only screen and (max-width:640px) {.fusion-body .fusion-builder-column-0{width:100% !important;}.fusion-builder-column-0 > .fusion-column-wrapper {margin-right : 1.92%;margin-left : 1.92%;}}<\/style><\/div><\/div><style type=\"text\/css\">.fusion-body .fusion-flex-container.fusion-builder-row-1{ padding-top : 20px;margin-top : 0px;padding-right : 0px;padding-bottom : 20px;margin-bottom : 0px;padding-left : 0px;}<\/style><\/div>\n","protected":false},"excerpt":{"rendered":"","protected":false},"author":1,"featured_media":0,"parent":13201,"menu_order":0,"comment_status":"closed","ping_status":"closed","template":"","meta":{"ngg_post_thumbnail":0},"_links":{"self":[{"href":"https:\/\/sgtr.keller-web.ch\/index.php\/wp-json\/wp\/v2\/pages\/13220"}],"collection":[{"href":"https:\/\/sgtr.keller-web.ch\/index.php\/wp-json\/wp\/v2\/pages"}],"about":[{"href":"https:\/\/sgtr.keller-web.ch\/index.php\/wp-json\/wp\/v2\/types\/page"}],"author":[{"embeddable":true,"href":"https:\/\/sgtr.keller-web.ch\/index.php\/wp-json\/wp\/v2\/users\/1"}],"replies":[{"embeddable":true,"href":"https:\/\/sgtr.keller-web.ch\/index.php\/wp-json\/wp\/v2\/comments?post=13220"}],"version-history":[{"count":8,"href":"https:\/\/sgtr.keller-web.ch\/index.php\/wp-json\/wp\/v2\/pages\/13220\/revisions"}],"predecessor-version":[{"id":14263,"href":"https:\/\/sgtr.keller-web.ch\/index.php\/wp-json\/wp\/v2\/pages\/13220\/revisions\/14263"}],"up":[{"embeddable":true,"href":"https:\/\/sgtr.keller-web.ch\/index.php\/wp-json\/wp\/v2\/pages\/13201"}],"wp:attachment":[{"href":"https:\/\/sgtr.keller-web.ch\/index.php\/wp-json\/wp\/v2\/media?parent=13220"}],"curies":[{"name":"wp","href":"https:\/\/api.w.org\/{rel}","templated":true}]}}