{"id":13216,"date":"2015-09-29T20:30:36","date_gmt":"2015-09-29T18:30:36","guid":{"rendered":"http:\/\/sgtr.ch\/dev\/wp\/?page_id=13216"},"modified":"2022-01-16T19:14:33","modified_gmt":"2022-01-16T18:14:33","slug":"aktuelle-infos-aus-dem-verein","status":"publish","type":"page","link":"https:\/\/sgtr.keller-web.ch\/index.php\/der-verein\/aktuelle-infos-aus-dem-verein\/","title":{"rendered":"Aktuelle Infos"},"content":{"rendered":"<div class=\"fusion-fullwidth fullwidth-box fusion-builder-row-1 fusion-flex-container nonhundred-percent-fullwidth non-hundred-percent-height-scrolling\" style=\"background-color: rgba(255,255,255,0);background-position: left top;background-repeat: no-repeat;border-width: 0px 0px 0px 0px;border-color:#eae9e9;border-style:solid;\" ><div class=\"fusion-builder-row fusion-row fusion-flex-align-items-flex-start\" style=\"max-width:1216.8px;margin-left: calc(-4% \/ 2 );margin-right: calc(-4% \/ 2 );\"><div class=\"fusion-layout-column fusion_builder_column fusion-builder-column-0 fusion_builder_column_1_1 1_1 fusion-flex-column fusion-flex-align-self-flex-start fusion-column-no-min-height\"><div class=\"fusion-column-wrapper fusion-flex-justify-content-flex-start fusion-content-layout-column\" style=\"background-position:left top;background-repeat:no-repeat;-webkit-background-size:cover;-moz-background-size:cover;-o-background-size:cover;background-size:cover;padding: 0px 0px 0px 0px;\"><style type=\"text\/css\">@media only screen and (max-width:1024px) {.fusion-title.fusion-title-1{margin-top:0px!important; margin-right:0px!important;margin-bottom:30px!important;margin-left:0px!important;}}@media only screen and (max-width:640px) {.fusion-title.fusion-title-1{margin-top:0px!important; margin-right:0px!important;margin-bottom:20px!important; margin-left:0px!important;}}<\/style><div class=\"fusion-title title fusion-title-1 fusion-title-text fusion-title-size-two\" style=\"margin-top:0px;margin-right:0px;margin-bottom:30px;margin-left:0px;\"><div class=\"title-sep-container title-sep-container-left fusion-no-large-visibility fusion-no-medium-visibility fusion-no-small-visibility\"><div class=\"title-sep sep-\" style=\"border-color:#e0dede;\"><\/div><\/div><span class=\"awb-title-spacer fusion-no-large-visibility fusion-no-medium-visibility fusion-no-small-visibility\"><\/span><h2 class=\"title-heading-left\" style=\"margin:0;\"><span style=\"color: #6796bf;\"><strong>Aktuelle Infos<\/strong><\/span><\/h2><span class=\"awb-title-spacer\"><\/span><div class=\"title-sep-container title-sep-container-right\"><div class=\"title-sep sep-\" style=\"border-color:#e0dede;\"><\/div><\/div><\/div><div class=\"fusion-separator fusion-full-width-sep\" style=\"align-self: center;margin-left: auto;margin-right: auto;margin-top:10px;margin-bottom:40px;width:100%;\"><div class=\"fusion-separator-border sep-single sep-solid\" style=\"border-color:#e0dede;border-top-width:1px;\"><\/div><\/div><div class=\"fusion-text fusion-text-1\"><p><strong>Neue, verantwortungsvolle Position innerhalb des Vorstandes der SG-TR&nbsp;&#8211;&nbsp;Berufspolitische Anliegen<\/strong><\/p>\n<p>Innerhalb unseres Vereinsvorstandes gilt es diese neue Position zu besetzen.<\/p>\n<p><strong>Auftrag<\/strong>:<br \/>\n\u2022 Sammeln, Lesen und Auswerten von Fachzeitschriften und Fachbeitr\u00e4gen<br \/>\n\u2022 Perspektiven aus den gelesenen Beitr\u00e4gen aufsp\u00fcren<br \/>\n\u2022 Vorschl\u00e4ge aus den gewonnenen Erkenntnissen formulieren<br \/>\n\u2022 Weiteres Vorgehen zuhanden des Vorstands vorschlagen<\/p>\n<p>Alle Informationen dazu k\u00f6nnen dem Dokument&nbsp;<a href=\"https:\/\/sgtr.keller-web.ch\/wp-content\/uploads\/2022\/01\/berufspolitische-anliegen-vakanz-vorstand-sg-tr.pdf\">hier<\/a> entnommen werden.<\/p>\n<p>&nbsp;<\/p>\n<p><b>Mitgliederversammlung SG-TR 30. April \/1. Mai 2022 in D-Aegidienberg<\/b><\/p>\n<p>Leider mussten wir dieses Jahr die geplante MV im Gangpferdezentrum von Walter Feldmann in Aegidienberg bei Bad Honnef wegen der Coronapandemie ein zweites Mal absagen. Aller guten Dinge sind 3 und deshalb nehmen wir einen dritten und hoffentlich nun endlich erfolgreichen Anlauf.&nbsp; Gerne erinnern wir euch an den&nbsp;<b>Anmeldeschluss vom 31. Janaur 2022<\/b>! Wir nehmen auch dieses Jahr keine Anmeldungen mehr nach diesem Datum entgegen! Alle n\u00f6tigen Infos und das Anmeldeformular findet ihr&nbsp;<a href=\"https:\/\/sgtr.keller-web.ch\/wp-content\/uploads\/2022\/01\/aussschreibung-26.-mv-im-gangpferdezentrum-aegidienberg-bei-walter-feldmann-1.pdf\">hier<\/a>.<\/p>\n<p><strong><br \/>\nProjekt \u00abVolt\u00e9ro \u2013 der Freiberger als Therapiepferd\u00bb<\/strong><\/p>\n<p>Im Projekt \u00abVolt\u00e9ro \u2013 der Freiberger als Therapiepferd\u00bb unterst\u00fctzt der Kanton Freiburg die Anschaffung eines Freibergers als Therapiepferd mit einem einmaligen Betrag von 1000 Franken. Der Betrag wird ausbezahlt, wenn das Pferd bei einem jurassischen Z\u00fcchter gekauft wird und der K\u00e4ufer \/ die K\u00e4uferin Mitglied eines vom Kanton anerkannten Verbandes oder einer anerkannten Institution ist.&nbsp;<\/p>\n<p>Es freut uns sehr, euch mitteilen zu d\u00fcrfen, dass wir erreichen konnten, dass der Kanton Freiburg ab Januar 2022 auch die Ausbildungen Reitp\u00e4dagog\/in SG-TR sowie Reittherapeut\/in SG-TR f\u00fcr dieses Projekt anerkennt. \u00dcber die genauen Anforderungen an die Pferde sowie die detaillierten Bestimmungen f\u00fcr die Auszahlung des kantonalen Beitrags informiert ihr euch am besten direkt beim jurassischen Pferdezuchtverband (FJEC) oder beim Kanton Freiburg (<a href=\"http:\/\/www.cheval-jura.ch\/\" target=\"_blank\" rel=\"noopener\" data-saferedirecturl=\"https:\/\/www.google.com\/url?q=http:\/\/www.cheval-jura.ch&amp;source=gmail&amp;ust=1628861441563000&amp;usg=AFQjCNGxxFKktYmuTkJHs8AP3L8uDZncUQ\">www.cheval-jura.ch<\/a>&nbsp;oder&nbsp;<a href=\"http:\/\/www.jura.ch\/\" target=\"_blank\" rel=\"noopener\" data-saferedirecturl=\"https:\/\/www.google.com\/url?q=http:\/\/www.jura.ch&amp;source=gmail&amp;ust=1628861441563000&amp;usg=AFQjCNHgW7s7bAXP_TyStQvH6WNRfX1wuA\">www.jura.ch<\/a>).<\/p>\n<\/div><\/div><style type=\"text\/css\">.fusion-body .fusion-builder-column-0{width:100% !important;margin-top : 0px;margin-bottom : 0px;}.fusion-builder-column-0 > .fusion-column-wrapper {padding-top : 0px !important;padding-right : 0px !important;margin-right : 1.92%;padding-bottom : 0px !important;padding-left : 0px !important;margin-left : 1.92%;}@media only screen and (max-width:1024px) {.fusion-body .fusion-builder-column-0{width:100% !important;}.fusion-builder-column-0 > .fusion-column-wrapper {margin-right : 1.92%;margin-left : 1.92%;}}@media only screen and (max-width:640px) {.fusion-body .fusion-builder-column-0{width:100% !important;}.fusion-builder-column-0 > .fusion-column-wrapper {margin-right : 1.92%;margin-left : 1.92%;}}<\/style><\/div><\/div><style type=\"text\/css\">.fusion-body .fusion-flex-container.fusion-builder-row-1{ padding-top : 20px;margin-top : 0px;padding-right : 0px;padding-bottom : 20px;margin-bottom : 0px;padding-left : 0px;}<\/style><\/div>\n","protected":false},"excerpt":{"rendered":"","protected":false},"author":1,"featured_media":0,"parent":13201,"menu_order":0,"comment_status":"closed","ping_status":"closed","template":"","meta":{"ngg_post_thumbnail":0},"_links":{"self":[{"href":"https:\/\/sgtr.keller-web.ch\/index.php\/wp-json\/wp\/v2\/pages\/13216"}],"collection":[{"href":"https:\/\/sgtr.keller-web.ch\/index.php\/wp-json\/wp\/v2\/pages"}],"about":[{"href":"https:\/\/sgtr.keller-web.ch\/index.php\/wp-json\/wp\/v2\/types\/page"}],"author":[{"embeddable":true,"href":"https:\/\/sgtr.keller-web.ch\/index.php\/wp-json\/wp\/v2\/users\/1"}],"replies":[{"embeddable":true,"href":"https:\/\/sgtr.keller-web.ch\/index.php\/wp-json\/wp\/v2\/comments?post=13216"}],"version-history":[{"count":8,"href":"https:\/\/sgtr.keller-web.ch\/index.php\/wp-json\/wp\/v2\/pages\/13216\/revisions"}],"predecessor-version":[{"id":14185,"href":"https:\/\/sgtr.keller-web.ch\/index.php\/wp-json\/wp\/v2\/pages\/13216\/revisions\/14185"}],"up":[{"embeddable":true,"href":"https:\/\/sgtr.keller-web.ch\/index.php\/wp-json\/wp\/v2\/pages\/13201"}],"wp:attachment":[{"href":"https:\/\/sgtr.keller-web.ch\/index.php\/wp-json\/wp\/v2\/media?parent=13216"}],"curies":[{"name":"wp","href":"https:\/\/api.w.org\/{rel}","templated":true}]}}