{"id":13197,"date":"2015-09-29T20:18:01","date_gmt":"2015-09-29T18:18:01","guid":{"rendered":"http:\/\/sgtr.ch\/dev\/wp\/?page_id=13197"},"modified":"2022-02-16T15:06:05","modified_gmt":"2022-02-16T14:06:05","slug":"collegium-links","status":"publish","type":"page","link":"https:\/\/sgtr.keller-web.ch\/index.php\/collegium-links\/","title":{"rendered":"Links"},"content":{"rendered":"<div class=\"fusion-fullwidth fullwidth-box fusion-builder-row-1 fusion-flex-container nonhundred-percent-fullwidth non-hundred-percent-height-scrolling\" style=\"background-color: rgba(255,255,255,0);background-position: left top;background-repeat: no-repeat;border-width: 0px 0px 0px 0px;border-color:#eae9e9;border-style:solid;\" ><div class=\"fusion-builder-row fusion-row fusion-flex-align-items-flex-start\" style=\"max-width:1216.8px;margin-left: calc(-4% \/ 2 );margin-right: calc(-4% \/ 2 );\"><div class=\"fusion-layout-column fusion_builder_column fusion-builder-column-0 fusion_builder_column_1_1 1_1 fusion-flex-column fusion-flex-align-self-flex-start fusion-column-no-min-height\"><div class=\"fusion-column-wrapper fusion-flex-justify-content-flex-start fusion-content-layout-column\" style=\"background-position:left top;background-repeat:no-repeat;-webkit-background-size:cover;-moz-background-size:cover;-o-background-size:cover;background-size:cover;padding: 0px 0px 0px 0px;\"><style type=\"text\/css\">@media only screen and (max-width:1024px) {.fusion-title.fusion-title-1{margin-top:0px!important; margin-right:0px!important;margin-bottom:30px!important;margin-left:0px!important;}}@media only screen and (max-width:640px) {.fusion-title.fusion-title-1{margin-top:0px!important; margin-right:0px!important;margin-bottom:20px!important; margin-left:0px!important;}}<\/style><div class=\"fusion-title title fusion-title-1 fusion-title-text fusion-title-size-two\" style=\"margin-top:0px;margin-right:0px;margin-bottom:30px;margin-left:0px;\"><div class=\"title-sep-container title-sep-container-left fusion-no-large-visibility fusion-no-medium-visibility fusion-no-small-visibility\"><div class=\"title-sep sep-\" style=\"border-color:#e0dede;\"><\/div><\/div><span class=\"awb-title-spacer fusion-no-large-visibility fusion-no-medium-visibility fusion-no-small-visibility\"><\/span><h2 class=\"title-heading-left\" style=\"margin:0;\"><span style=\"color: #6796bf;\"><strong>Links<\/strong><\/span><\/h2><span class=\"awb-title-spacer\"><\/span><div class=\"title-sep-container title-sep-container-right\"><div class=\"title-sep sep-\" style=\"border-color:#e0dede;\"><\/div><\/div><\/div><div class=\"fusion-separator fusion-full-width-sep\" style=\"align-self: center;margin-left: auto;margin-right: auto;margin-top:10px;margin-bottom:40px;width:100%;\"><div class=\"fusion-separator-border sep-single sep-solid\" style=\"border-color:#e0dede;border-top-width:1px;\"><\/div><\/div><div class=\"fusion-text fusion-text-1\"><div id=\"tbl\">\n<table border=\"0\" cellspacing=\"0\" cellpadding=\"0\" align=\"links\">\n<tbody>\n<tr>\n<td valign=\"top\" width=\"151\"><a href=\"https:\/\/sgtr.keller-web.ch\/wp-content\/uploads\/2022\/01\/Kuratorium-therapeutisches-Reiten.jpg\"><img class=\"lazyload alignnone wp-image-13875 size-full\" src=\"data:image\/svg+xml,%3Csvg%20xmlns%3D%27http%3A%2F%2Fwww.w3.org%2F2000%2Fsvg%27%20width%3D%27125%27%20height%3D%27117%27%20viewBox%3D%270%200%20125%20117%27%3E%3Crect%20width%3D%27125%27%20height%3D%27117%27%20fill-opacity%3D%220%22%2F%3E%3C%2Fsvg%3E\" data-orig-src=\"https:\/\/sgtr.keller-web.ch\/wp-content\/uploads\/2022\/01\/Kuratorium-therapeutisches-Reiten.jpg\" alt=\"\" width=\"125\" height=\"117\"\/><\/a><\/td>\n<td valign=\"top\" width=\"33\">&nbsp;<\/td>\n<td style=\"text-align: left;\" valign=\"top\" width=\"468\"><strong>DKThR<\/strong><br \/>\nDeutsches Kuratorium f\u00fcr therapeutisches Reiten <a href=\"http:\/\/www.dkthr.de\/\" target=\"_blank\" rel=\"noopener\">Zur Homepage<\/a><\/td>\n<\/tr>\n<tr>\n<td valign=\"top\" width=\"151\">&nbsp;<\/td>\n<td valign=\"top\" width=\"33\">&nbsp;<\/td>\n<td valign=\"top\" width=\"468\">&nbsp;<\/td>\n<\/tr>\n<tr>\n<td valign=\"top\" width=\"151\"><a href=\"https:\/\/sgtr.keller-web.ch\/wp-content\/uploads\/2022\/01\/LogoFoerderkreis.jpg\"><img class=\"lazyload alignnone size-full wp-image-13878\" src=\"https:\/\/sgtr.keller-web.ch\/wp-content\/uploads\/2022\/01\/LogoFoerderkreis.jpg\" data-orig-src=\"https:\/\/sgtr.keller-web.ch\/wp-content\/uploads\/2022\/01\/LogoFoerderkreis.jpg\" alt=\"\" width=\"125\" height=\"125\" srcset=\"data:image\/svg+xml,%3Csvg%20xmlns%3D%27http%3A%2F%2Fwww.w3.org%2F2000%2Fsvg%27%20width%3D%27125%27%20height%3D%27125%27%20viewBox%3D%270%200%20125%20125%27%3E%3Crect%20width%3D%27125%27%20height%3D%27125%27%20fill-opacity%3D%220%22%2F%3E%3C%2Fsvg%3E\" data-srcset=\"https:\/\/sgtr.keller-web.ch\/wp-content\/uploads\/2022\/01\/LogoFoerderkreis-66x66.jpg 66w, https:\/\/sgtr.keller-web.ch\/wp-content\/uploads\/2022\/01\/LogoFoerderkreis.jpg 125w\" data-sizes=\"auto\" data-orig-sizes=\"(max-width: 125px) 100vw, 125px\" \/><\/a><\/td>\n<td valign=\"top\" width=\"33\">&nbsp;<\/td>\n<td valign=\"top\" width=\"468\"><strong>FkthR<\/strong><\/p>\n<p>Deutscher F\u00f6rderkreis f\u00fcr Therapeutisches Reiten <a href=\"http:\/\/www.foerderkreis-therapeutisches-reiten.de\/\" target=\"_blank\" rel=\"noopener\">Zur Homepage<\/a><\/td>\n<\/tr>\n<tr>\n<td valign=\"top\" width=\"151\">&nbsp;<\/td>\n<td valign=\"top\" width=\"33\">&nbsp;<\/td>\n<td valign=\"top\" width=\"468\">&nbsp;<\/td>\n<\/tr>\n<tr>\n<td valign=\"top\" width=\"151\"><a href=\"https:\/\/sgtr.keller-web.ch\/wp-content\/uploads\/2022\/01\/oktr_logo.png\"><img class=\"lazyload alignnone size-medium wp-image-13880\" src=\"https:\/\/sgtr.keller-web.ch\/wp-content\/uploads\/2022\/01\/oktr_logo-300x265.png\" data-orig-src=\"https:\/\/sgtr.keller-web.ch\/wp-content\/uploads\/2022\/01\/oktr_logo-300x265.png\" alt=\"\" width=\"300\" height=\"265\" srcset=\"data:image\/svg+xml,%3Csvg%20xmlns%3D%27http%3A%2F%2Fwww.w3.org%2F2000%2Fsvg%27%20width%3D%27300%27%20height%3D%27265%27%20viewBox%3D%270%200%20300%20265%27%3E%3Crect%20width%3D%27300%27%20height%3D%27265%27%20fill-opacity%3D%220%22%2F%3E%3C%2Fsvg%3E\" data-srcset=\"https:\/\/sgtr.keller-web.ch\/wp-content\/uploads\/2022\/01\/oktr_logo-200x177.png 200w, https:\/\/sgtr.keller-web.ch\/wp-content\/uploads\/2022\/01\/oktr_logo-300x265.png 300w, https:\/\/sgtr.keller-web.ch\/wp-content\/uploads\/2022\/01\/oktr_logo.png 320w\" data-sizes=\"auto\" data-orig-sizes=\"(max-width: 300px) 100vw, 300px\" \/><\/a><\/td>\n<td valign=\"top\" width=\"33\">&nbsp;<\/td>\n<td valign=\"top\" width=\"468\"><strong>OKTR<\/strong><br \/>\n\u00d6sterreichisches Kuratorium f\u00fcr Therapeutisches Reiten <a href=\"http:\/\/www.oktr.at\/\" target=\"_blank\" rel=\"noopener\">Zur Homepage<\/a><\/td>\n<\/tr>\n<tr>\n<td valign=\"top\" width=\"151\">&nbsp;<\/td>\n<td valign=\"top\" width=\"33\">&nbsp;<\/td>\n<td valign=\"top\" width=\"468\">&nbsp;<\/td>\n<\/tr>\n<tr>\n<td valign=\"top\" width=\"151\"><a href=\"https:\/\/sgtr.keller-web.ch\/wp-content\/uploads\/2022\/01\/logo-hippotherapie-zentrum.png\"><img class=\"lazyload alignnone size-full wp-image-13879\" src=\"data:image\/svg+xml,%3Csvg%20xmlns%3D%27http%3A%2F%2Fwww.w3.org%2F2000%2Fsvg%27%20width%3D%27151%27%20height%3D%27104%27%20viewBox%3D%270%200%20151%20104%27%3E%3Crect%20width%3D%27151%27%20height%3D%27104%27%20fill-opacity%3D%220%22%2F%3E%3C%2Fsvg%3E\" data-orig-src=\"https:\/\/sgtr.keller-web.ch\/wp-content\/uploads\/2022\/01\/logo-hippotherapie-zentrum.png\" alt=\"\" width=\"151\" height=\"104\"\/><\/a><\/td>\n<td valign=\"top\" width=\"33\">&nbsp;<\/td>\n<td valign=\"top\" width=\"468\"><a href=\"http:\/\/www.hippotherapie-k.org\/\" target=\"_blank\" rel=\"noopener\">www.hippotherapie-k.org<\/a>&nbsp;<br \/>\n<a href=\"http:\/\/www.hippotherapie-zentrum.ch\/\" target=\"_blank\" rel=\"noopener\">www.hippotherapie-zentrum.ch<\/a><\/td>\n<\/tr>\n<tr>\n<td valign=\"top\" width=\"151\">&nbsp;<\/td>\n<td valign=\"top\" width=\"33\">&nbsp;<\/td>\n<td valign=\"top\" width=\"468\">&nbsp;<\/td>\n<\/tr>\n<tr>\n<td valign=\"top\"><a href=\"https:\/\/sgtr.keller-web.ch\/wp-content\/uploads\/2022\/01\/logo_fatp.jpg\"><img class=\"lazyload alignnone size-full wp-image-13877\" src=\"data:image\/svg+xml,%3Csvg%20xmlns%3D%27http%3A%2F%2Fwww.w3.org%2F2000%2Fsvg%27%20width%3D%27134%27%20height%3D%2791%27%20viewBox%3D%270%200%20134%2091%27%3E%3Crect%20width%3D%27134%27%20height%3D%2791%27%20fill-opacity%3D%220%22%2F%3E%3C%2Fsvg%3E\" data-orig-src=\"https:\/\/sgtr.keller-web.ch\/wp-content\/uploads\/2022\/01\/logo_fatp.jpg\" alt=\"\" width=\"134\" height=\"91\"\/><\/a><\/td>\n<td valign=\"top\">&nbsp;<\/td>\n<td valign=\"top\"><a href=\"http:\/\/www.forum-atp.eu\" target=\"_blank\" rel=\"noopener\">www.forum-atp.eu<\/a><\/td>\n<\/tr>\n<\/tbody>\n<\/table>\n<\/div>\n<table border=\"0\" cellspacing=\"0\" cellpadding=\"0\" align=\"left\">\n<tbody>\n<tr>\n<td valign=\"top\" width=\"151\">&nbsp;<\/td>\n<td valign=\"top\" width=\"33\">&nbsp;<\/td>\n<td valign=\"top\" width=\"468\">&nbsp;<\/td>\n<\/tr>\n<tr>\n<td valign=\"top\" width=\"151\"><a href=\"https:\/\/sgtr.keller-web.ch\/wp-content\/uploads\/2022\/01\/logo_2.gif\"><img class=\"lazyload alignnone size-full wp-image-13876\" src=\"data:image\/svg+xml,%3Csvg%20xmlns%3D%27http%3A%2F%2Fwww.w3.org%2F2000%2Fsvg%27%20width%3D%27300%27%20height%3D%2798%27%20viewBox%3D%270%200%20300%2098%27%3E%3Crect%20width%3D%27300%27%20height%3D%2798%27%20fill-opacity%3D%220%22%2F%3E%3C%2Fsvg%3E\" data-orig-src=\"https:\/\/sgtr.keller-web.ch\/wp-content\/uploads\/2022\/01\/logo_2.gif\" alt=\"\" width=\"300\" height=\"98\"\/><\/a><\/td>\n<td valign=\"top\" width=\"33\">&nbsp;<\/td>\n<td valign=\"top\" width=\"468\">Reinhardt Verlag, M\u00fcnchen\/Basel <a href=\"http:\/\/www.reinhardt-verlag.de\/\" target=\"_blank\" rel=\"noopener\">Zur Homepage<\/a><\/td>\n<\/tr>\n<\/tbody>\n<\/table>\n<p>&nbsp;<\/p>\n<p>&nbsp;<\/p>\n<p><a href=\"http:\/\/www.emr.ch\"><br \/>\n<img class=\"lazyload alignnone wp-image-13874 size-full\" src=\"https:\/\/sgtr.keller-web.ch\/wp-content\/uploads\/2022\/01\/emr_logo_claim_d-copy.jpg\" data-orig-src=\"https:\/\/sgtr.keller-web.ch\/wp-content\/uploads\/2022\/01\/emr_logo_claim_d-copy.jpg\" alt=\"\" width=\"199\" height=\"109\" srcset=\"data:image\/svg+xml,%3Csvg%20xmlns%3D%27http%3A%2F%2Fwww.w3.org%2F2000%2Fsvg%27%20width%3D%27199%27%20height%3D%27109%27%20viewBox%3D%270%200%20199%20109%27%3E%3Crect%20width%3D%27199%27%20height%3D%27109%27%20fill-opacity%3D%220%22%2F%3E%3C%2Fsvg%3E\" data-srcset=\"https:\/\/sgtr.keller-web.ch\/wp-content\/uploads\/2022\/01\/emr_logo_claim_d-copy-200x110.jpg 200w, https:\/\/sgtr.keller-web.ch\/wp-content\/uploads\/2022\/01\/emr_logo_claim_d-copy-300x165.jpg 300w, https:\/\/sgtr.keller-web.ch\/wp-content\/uploads\/2022\/01\/emr_logo_claim_d-copy-400x220.jpg 400w, https:\/\/sgtr.keller-web.ch\/wp-content\/uploads\/2022\/01\/emr_logo_claim_d-copy.jpg 510w\" data-sizes=\"auto\" data-orig-sizes=\"(max-width: 199px) 100vw, 199px\" \/> <\/a>Erfahrungsmedizinisches Register EMR &#8211; Qualit\u00e4tslabel f\u00fcr Komplement\u00e4r- und Alternativmedizin:&nbsp;<a href=\"http:\/\/www.emr.ch\/\">http:\/\/www.emr.ch<\/a>&nbsp;<\/p>\n<p>Das Collegium f\u00fcr Ausbildung SG-TR ist Mitglied beim Forum f\u00fcr Ausbildungstr\u00e4ger einer Therapie mit dem Pferd:&nbsp;<a href=\"http:\/\/www.forum-atp.eu\/\" target=\"_blank\" rel=\"noopener\">http:\/\/www.forum-atp.eu<\/a><\/p>\n<p><strong>FATP Verb\u00e4nde:<\/strong><\/p>\n<ul>\n<li>Deutsches Kuratorium f\u00fcr Therapeutisches Reiten e.V.:&nbsp;<a href=\"http:\/\/www.dkthr.de\/de\" target=\"_blank\" rel=\"noopener\">https:\/\/www.dkthr.de\/de\/<\/a><\/li>\n<li>\u00d6sterreichisches Kuratorium f\u00fcr Therapeutisches Reiten:&nbsp;<a href=\"http:\/\/www.oktr.at\/\" target=\"_blank\" rel=\"noopener\">http:\/\/www.oktr.at<\/a>&nbsp;<\/li>\n<li>F\u00f6rderkreis Therapeutisches Reiten e.V.:&nbsp;<a href=\"http:\/\/www.foerderkreis-therapeutisches-reiten.de\/\" target=\"_parent\" rel=\"noopener\">http:\/\/www.foerderkreis-therapeutisches-reiten.de<\/a><\/li>\n<\/ul>\n<p><strong>&nbsp; &nbsp; &nbsp; &nbsp; &nbsp;&nbsp;<\/strong><\/p>\n<p><strong>Schweizer Verb\u00e4nde:<\/strong><\/p>\n<ul>\n<li>Pferdegest\u00fctzte Therapie Schweiz (PT-CH):&nbsp;<a href=\"http:\/\/www.sv-hpr.ch\/\" target=\"_blank\" rel=\"noopener\">http:\/\/www.sv-hpr.ch<\/a><\/li>\n<li>Association Suisse de Therapie avec le Cheval:&nbsp;<a href=\"http:\/\/www.therapiecheval.ch\/\" target=\"_blank\" rel=\"noopener\">http:\/\/www.therapiecheval.ch<\/a><\/li>\n<\/ul>\n<p>&nbsp; &nbsp;&nbsp;<\/p>\n<p><strong>Weitere Verb\u00e4nde:<\/strong><\/p>\n<ul>\n<li>Institut f\u00fcr Pferdegest\u00fctzte Therapie:&nbsp;<a href=\"http:\/\/www.ipth.de\/\" target=\"_blank\" rel=\"noopener\">http:\/\/www.ipth.de<\/a><\/li>\n<\/ul>\n<\/div><\/div><style type=\"text\/css\">.fusion-body .fusion-builder-column-0{width:100% !important;margin-top : 0px;margin-bottom : 0px;}.fusion-builder-column-0 > .fusion-column-wrapper {padding-top : 0px !important;padding-right : 0px !important;margin-right : 1.92%;padding-bottom : 0px !important;padding-left : 0px !important;margin-left : 1.92%;}@media only screen and (max-width:1024px) {.fusion-body .fusion-builder-column-0{width:100% !important;}.fusion-builder-column-0 > .fusion-column-wrapper {margin-right : 1.92%;margin-left : 1.92%;}}@media only screen and (max-width:640px) {.fusion-body .fusion-builder-column-0{width:100% !important;}.fusion-builder-column-0 > .fusion-column-wrapper {margin-right : 1.92%;margin-left : 1.92%;}}<\/style><\/div><\/div><style type=\"text\/css\">.fusion-body .fusion-flex-container.fusion-builder-row-1{ padding-top : 20px;margin-top : 0px;padding-right : 0px;padding-bottom : 20px;margin-bottom : 0px;padding-left : 0px;}<\/style><\/div>\n","protected":false},"excerpt":{"rendered":"","protected":false},"author":1,"featured_media":0,"parent":0,"menu_order":0,"comment_status":"closed","ping_status":"closed","template":"","meta":{"ngg_post_thumbnail":0},"_links":{"self":[{"href":"https:\/\/sgtr.keller-web.ch\/index.php\/wp-json\/wp\/v2\/pages\/13197"}],"collection":[{"href":"https:\/\/sgtr.keller-web.ch\/index.php\/wp-json\/wp\/v2\/pages"}],"about":[{"href":"https:\/\/sgtr.keller-web.ch\/index.php\/wp-json\/wp\/v2\/types\/page"}],"author":[{"embeddable":true,"href":"https:\/\/sgtr.keller-web.ch\/index.php\/wp-json\/wp\/v2\/users\/1"}],"replies":[{"embeddable":true,"href":"https:\/\/sgtr.keller-web.ch\/index.php\/wp-json\/wp\/v2\/comments?post=13197"}],"version-history":[{"count":15,"href":"https:\/\/sgtr.keller-web.ch\/index.php\/wp-json\/wp\/v2\/pages\/13197\/revisions"}],"predecessor-version":[{"id":14234,"href":"https:\/\/sgtr.keller-web.ch\/index.php\/wp-json\/wp\/v2\/pages\/13197\/revisions\/14234"}],"wp:attachment":[{"href":"https:\/\/sgtr.keller-web.ch\/index.php\/wp-json\/wp\/v2\/media?parent=13197"}],"curies":[{"name":"wp","href":"https:\/\/api.w.org\/{rel}","templated":true}]}}