{"id":13127,"date":"2015-08-16T21:11:13","date_gmt":"2015-08-16T19:11:13","guid":{"rendered":"http:\/\/sgtr.ch\/dev\/wp\/?page_id=13127"},"modified":"2022-04-04T15:37:57","modified_gmt":"2022-04-04T13:37:57","slug":"inhalte-der-ausbildung","status":"publish","type":"page","link":"https:\/\/sgtr.keller-web.ch\/index.php\/das-collegium\/inhalte-der-ausbildung\/","title":{"rendered":"Inhalte und Aufbau der Ausbildung"},"content":{"rendered":"<div class=\"fusion-fullwidth fullwidth-box fusion-builder-row-1 fusion-flex-container nonhundred-percent-fullwidth non-hundred-percent-height-scrolling\" style=\"background-color: rgba(255,255,255,0);background-position: left top;background-repeat: no-repeat;border-width: 0px 0px 0px 0px;border-color:#eae9e9;border-style:solid;\" ><div class=\"fusion-builder-row fusion-row fusion-flex-align-items-flex-start\" style=\"max-width:1216.8px;margin-left: calc(-4% \/ 2 );margin-right: calc(-4% \/ 2 );\"><div class=\"fusion-layout-column fusion_builder_column fusion-builder-column-0 fusion_builder_column_1_1 1_1 fusion-flex-column fusion-flex-align-self-flex-start fusion-column-no-min-height\"><div class=\"fusion-column-wrapper fusion-flex-justify-content-flex-start fusion-content-layout-column\" style=\"background-position:left top;background-blend-mode: overlay;background-repeat:no-repeat;-webkit-background-size:cover;-moz-background-size:cover;-o-background-size:cover;background-size:cover;padding: 0px 0px 0px 0px;\"><style type=\"text\/css\">@media only screen and (max-width:1024px) {.fusion-title.fusion-title-1{margin-top:0px!important; margin-right:0px!important;margin-bottom:30px!important;margin-left:0px!important;}}@media only screen and (max-width:640px) {.fusion-title.fusion-title-1{margin-top:0px!important; margin-right:0px!important;margin-bottom:20px!important; margin-left:0px!important;}}<\/style><div class=\"fusion-title title fusion-title-1 fusion-title-text fusion-title-size-two\" style=\"margin-top:0px;margin-right:0px;margin-bottom:30px;margin-left:0px;\"><div class=\"title-sep-container title-sep-container-left fusion-no-large-visibility fusion-no-medium-visibility fusion-no-small-visibility\"><div class=\"title-sep sep-\" style=\"border-color:#e0dede;\"><\/div><\/div><span class=\"awb-title-spacer fusion-no-large-visibility fusion-no-medium-visibility fusion-no-small-visibility\"><\/span><h2 class=\"title-heading-left\" style=\"margin:0;\"><span style=\"color: #6796bf;\"><strong>Inhalte und Aufbau der Ausbildung<\/strong><\/span><\/h2><span class=\"awb-title-spacer\"><\/span><div class=\"title-sep-container title-sep-container-right\"><div class=\"title-sep sep-\" style=\"border-color:#e0dede;\"><\/div><\/div><\/div><div class=\"fusion-separator fusion-full-width-sep\" style=\"align-self: center;margin-left: auto;margin-right: auto;margin-top:10px;margin-bottom:40px;width:100%;\"><div class=\"fusion-separator-border sep-single sep-solid\" style=\"border-color:#e0dede;border-top-width:1px;\"><\/div><\/div><div class=\"fusion-text fusion-text-1\"><h3><span style=\"color: #6796bf;\"><b>Inhalte der Ausbildung<\/b><\/span><\/h3>\n<p><b>HPR<\/b> \/ <b>TR<\/b> <i>nach Marianne G\u00e4ng<\/i><\/p>\n<ul>\n<li>Definition und Leitbild<\/li>\n<li>Begegnung zwischen beeintr\u00e4chtigten Menschen und dem Pferd in ganzheitlicher Betrachtung &#8211; das Pferd als Vermittler<\/li>\n<li>Begriffe, Definitionen, Einf\u00fchrungen:\n<ul>\n<li>zur Heilp\u00e4dagogik<\/li>\n<li>zur P\u00e4dagogik und Psychologie von Menschen mit\n<ul>\n<li>geistiger Behinderung<\/li>\n<li>Verhaltensauff\u00e4lligkeiten<\/li>\n<li>psychischen Auff\u00e4lligkeiten<\/li>\n<li>K\u00f6rper- und Mehrfachbehinderungen<\/li>\n<\/ul>\n<\/li>\n<\/ul>\n<\/li>\n<li>Anwendungsm\u00f6glichkeiten des HPR \/ TR bei verschiedenen Behinderungsarten resp. psychischen Befindlichkeiten und Erkrankungen<\/li>\n<li>Arbeitsgebiete von Reitp\u00e4dagogInnen und ReittherapeutInnen<\/li>\n<li>Theorie und Praxis, Methodik \/ Didaktik im HPR \/ TR<\/li>\n<li>Praxisausbildung<\/li>\n<li>Erwerb von reiterlichen Qualifikationen (RQ) und deren Anwendungen im HPR \/ TR; Selbsterfahrung an und auf dem Pferd; Handpferdereiten<\/li>\n<li>Pers\u00f6nliche Verantwortung gegen\u00fcber dem Pferd; Haltung, Ausbildung, Gesunderhaltung des Pferdes<\/li>\n<li>Vorbereiten und Verfassen einer Diplomarbeit<\/li>\n<\/ul>\n<p>Die Inhalte der einzelnen Phasen sind im <b>Ausbildungskonzept<\/b> aufgef\u00fchrt; dieses kann gegen eine Geb\u00fchr von CHF 15.00 bei der Auskunftsstelle bezogen werden.<\/p>\n<h3><span style=\"color: #6796bf;\"><b>Aufbau der Ausbildung<\/b><\/span><\/h3>\n<p>Die Ausbildung ist in einzelne PHASEN aufgegliedert, deren Reihenfolge zwingend ist.<\/p>\n<div class=\"fusion-table table-2\">\n<table style=\"border-collapse: collapse; border-color: #000000; width: 100%;\" border=\"1\">\n<thead>\n<tr>\n<th>Phase 1<\/th>\n<th>Phase 2<\/th>\n<th>Phase 3<\/th>\n<th>Phase 4<\/th>\n<th>Phase 5<\/th>\n<th>Phase 6<\/th>\n<th>Phase 7<\/th>\n<\/tr>\n<\/thead>\n<tbody>\n<tr>\n<td>Grundlagen-<br \/>kurs<br \/>(Pferdeeinsatz<br \/>im TR)<\/td>\n<td>Selbststudium<\/td>\n<td>Praktikums-<br \/>vereinbarung<br \/>erarbeiten<\/td>\n<td>Lehrgang I<\/td>\n<td>Praxis-<br \/>ausbildung *<\/td>\n<td>Lehrgang II<\/td>\n<td>Diplom-<br \/>arbeit<\/td>\n<\/tr>\n<\/tbody>\n<\/table>\n<p>Total Ausbildungsstunden: 580 * inkl. Lager- oder Betriebshelfer<\/p>\n<p>Innerhalb resp. am Ende jeder Phase findet eine Pr\u00fcfung statt, von deren Ergebnis die weitere Fortsetzung der Ausbildung abh\u00e4ngt. Die gesamte Ausbildung soll l\u00e4ngstens innerhalb von 2 Jahren absolviert und abgeschlossen werden. Fristerstreckung ist nur in begr\u00fcndeten F\u00e4llen m\u00f6glich. Die Ausbildung schliesst mit einem Diplom ab. Es berecht zum Erteilen von HPR resp. TR im Rahmen der beruflichen Grundausbildung.<\/p>\n<\/div>\n<\/div><\/div><style type=\"text\/css\">.fusion-body .fusion-builder-column-0{width:100% !important;margin-top : 0px;margin-bottom : 0px;}.fusion-builder-column-0 > .fusion-column-wrapper {padding-top : 0px !important;padding-right : 0px !important;margin-right : 1.92%;padding-bottom : 0px !important;padding-left : 0px !important;margin-left : 1.92%;}@media only screen and (max-width:1024px) {.fusion-body .fusion-builder-column-0{width:100% !important;}.fusion-builder-column-0 > .fusion-column-wrapper {margin-right : 1.92%;margin-left : 1.92%;}}@media only screen and (max-width:640px) {.fusion-body .fusion-builder-column-0{width:100% !important;}.fusion-builder-column-0 > .fusion-column-wrapper {margin-right : 1.92%;margin-left : 1.92%;}}<\/style><\/div><\/div><style type=\"text\/css\">.fusion-body .fusion-flex-container.fusion-builder-row-1{ padding-top : 20px;margin-top : 0px;padding-right : 0px;padding-bottom : 20px;margin-bottom : 0px;padding-left : 0px;}<\/style><\/div>\n","protected":false},"excerpt":{"rendered":"","protected":false},"author":1,"featured_media":0,"parent":13078,"menu_order":0,"comment_status":"open","ping_status":"open","template":"","meta":{"ngg_post_thumbnail":0},"_links":{"self":[{"href":"https:\/\/sgtr.keller-web.ch\/index.php\/wp-json\/wp\/v2\/pages\/13127"}],"collection":[{"href":"https:\/\/sgtr.keller-web.ch\/index.php\/wp-json\/wp\/v2\/pages"}],"about":[{"href":"https:\/\/sgtr.keller-web.ch\/index.php\/wp-json\/wp\/v2\/types\/page"}],"author":[{"embeddable":true,"href":"https:\/\/sgtr.keller-web.ch\/index.php\/wp-json\/wp\/v2\/users\/1"}],"replies":[{"embeddable":true,"href":"https:\/\/sgtr.keller-web.ch\/index.php\/wp-json\/wp\/v2\/comments?post=13127"}],"version-history":[{"count":12,"href":"https:\/\/sgtr.keller-web.ch\/index.php\/wp-json\/wp\/v2\/pages\/13127\/revisions"}],"predecessor-version":[{"id":14323,"href":"https:\/\/sgtr.keller-web.ch\/index.php\/wp-json\/wp\/v2\/pages\/13127\/revisions\/14323"}],"up":[{"embeddable":true,"href":"https:\/\/sgtr.keller-web.ch\/index.php\/wp-json\/wp\/v2\/pages\/13078"}],"wp:attachment":[{"href":"https:\/\/sgtr.keller-web.ch\/index.php\/wp-json\/wp\/v2\/media?parent=13127"}],"curies":[{"name":"wp","href":"https:\/\/api.w.org\/{rel}","templated":true}]}}