{"id":13086,"date":"2015-08-16T19:22:11","date_gmt":"2015-08-16T17:22:11","guid":{"rendered":"http:\/\/sgtr.ch\/dev\/wp\/?page_id=13086"},"modified":"2022-03-23T15:39:49","modified_gmt":"2022-03-23T14:39:49","slug":"praktischer-bezugsrahmen","status":"publish","type":"page","link":"https:\/\/sgtr.keller-web.ch\/index.php\/das-collegium\/praktischer-bezugsrahmen\/","title":{"rendered":"Praktischer Bezugsrahmen"},"content":{"rendered":"<div class=\"fusion-fullwidth fullwidth-box fusion-builder-row-1 fusion-flex-container nonhundred-percent-fullwidth non-hundred-percent-height-scrolling\" style=\"background-color: rgba(255,255,255,0);background-position: left top;background-repeat: no-repeat;border-width: 0px 0px 0px 0px;border-color:#eae9e9;border-style:solid;\" ><div class=\"fusion-builder-row fusion-row fusion-flex-align-items-flex-start\" style=\"max-width:1216.8px;margin-left: calc(-4% \/ 2 );margin-right: calc(-4% \/ 2 );\"><div class=\"fusion-layout-column fusion_builder_column fusion-builder-column-0 fusion_builder_column_1_1 1_1 fusion-flex-column fusion-flex-align-self-flex-start fusion-column-no-min-height\"><div class=\"fusion-column-wrapper fusion-flex-justify-content-flex-start fusion-content-layout-column\" style=\"background-position:left top;background-repeat:no-repeat;-webkit-background-size:cover;-moz-background-size:cover;-o-background-size:cover;background-size:cover;padding: 0px 0px 0px 0px;\"><style type=\"text\/css\">@media only screen and (max-width:1024px) {.fusion-title.fusion-title-1{margin-top:0px!important; margin-right:0px!important;margin-bottom:30px!important;margin-left:0px!important;}}@media only screen and (max-width:640px) {.fusion-title.fusion-title-1{margin-top:0px!important; margin-right:0px!important;margin-bottom:20px!important; margin-left:0px!important;}}<\/style><div class=\"fusion-title title fusion-title-1 fusion-title-text fusion-title-size-two\" style=\"margin-top:0px;margin-right:0px;margin-bottom:30px;margin-left:0px;\"><div class=\"title-sep-container title-sep-container-left fusion-no-large-visibility fusion-no-medium-visibility fusion-no-small-visibility\"><div class=\"title-sep sep-\" style=\"border-color:#e0dede;\"><\/div><\/div><span class=\"awb-title-spacer fusion-no-large-visibility fusion-no-medium-visibility fusion-no-small-visibility\"><\/span><h2 class=\"title-heading-left\" style=\"margin:0;\"><span style=\"color: #6796bf;\"><strong>Praktischer Bezugsrahmen<\/strong><\/span><\/h2><span class=\"awb-title-spacer\"><\/span><div class=\"title-sep-container title-sep-container-right\"><div class=\"title-sep sep-\" style=\"border-color:#e0dede;\"><\/div><\/div><\/div><div class=\"fusion-separator fusion-full-width-sep\" style=\"align-self: center;margin-left: auto;margin-right: auto;margin-top:10px;margin-bottom:40px;width:100%;\"><div class=\"fusion-separator-border sep-single sep-solid\" style=\"border-color:#e0dede;border-top-width:1px;\"><\/div><\/div><div class=\"fusion-text fusion-text-1\"><p>Methodik und Arbeitsweise sind wesentlich von Felicitas&nbsp;<b>Affolters<\/b>&nbsp;&#8222;Vermittlungsart&#8220; bei der Wahrnehmungsproblematik beeinflusst.<br \/>\n<b>Wahrnehmung<\/b>&nbsp;ist das subjektive Empfinden, das die Umweltreize dem Menschen eingeben. Ein gesunder Mensch besitzt die F\u00e4higkeit, \u00fcber alle Sinne wahrzunehmen.&nbsp;Einem beeintr\u00e4chtigten Menschen sind solche Wahrnehmungen und deren Verarbeitung nicht oder nur teilweise m\u00f6glich. Als Hilfe zur besseren Verarbeitung hat Affolter eine spezielle Vorgehensweise entwickelt: vielf\u00e4ltiges Ber\u00fchren und Loslassen.<\/p>\n<p>Das Pferd ist von seinem Wesen, von seinem K\u00f6rper und von seinen Bewegungen her f\u00fcr solche Erfahrungen besonders geeignet.<\/p>\n<p>Inspiriert durch Mimi<b>&nbsp;Scheiblauers &#8222;Heilp\u00e4dagogische Rhythmik\u00fcbungen&#8220;<\/b>&nbsp;entstanden die spielerischen Elemente am, mit und auf dem Pferd. Scheiblauers &#8222;\u00dcbungsprinzip&#8220; fliesst ebenfalls in die Methodik ein.&nbsp;Aus Affolters Art der Vermittlung und Scheiblauers \u00dcbungsprinzip ergibt sich das Konzept f\u00fcr das HPR\/TR. Es beruht auf der Wechselwirkung zwischen Wahrnehmung, Bewegung und Gef\u00fchlsleben.<\/p>\n<p>Ein Ziel im HPR \/ TR besteht darin, die Bewegungs-, Wahrnehmungs-, Kontakt- und Handlungsf\u00e4higkeit entsprechend zu f\u00f6rdern.&nbsp;HPR \/ TR orientiert sich am Menschen mit&nbsp;seinen&nbsp;<b>M\u00f6glichkeiten<\/b>&nbsp;und nicht an seinen Defiziten.<\/p>\n<p>Wichtige Impulse vermittelt J\u00f6rg<b>&nbsp;Grond<\/b>&nbsp;f\u00fcr die Arbeit mit geistig- und mehrfach behinderten Menschen:<\/p>\n<p><i>&#8222;Der Mensch mit einer geistigen Behinderung ist nicht der &#8222;ganz andere&#8220;, den ich nicht verstehen kann. Es ist mir m\u00f6glich, ihn zu verstehen, weil wir etwas Gemeinsames haben: Wir sind Menschen. Ihn zu verstehen kann allerdings schwierig sein.&#8220;<\/i><\/p>\n<p><i><\/i>Emil<b>&nbsp;Kobi<\/b>&nbsp;legt dar,&nbsp;<i>&#8222;dass es nicht immer eines menschlichen Antlitzes bedarf, um sich in seinem Wesen, seinen Grenzen und M\u00f6glichkeiten zu erfahren. Manchmal hat uns die stumme Kreatur mehr zu sagen als der geschw\u00e4tzige Artgenosse.&#8220;<\/i><\/p>\n<p>Diese Erkenntnisse und Erfahrungen beeinflussen und pr\u00e4gen Art und Weise der Begegnung und Beziehung von behinderten und benachteiligten Kindern, Jugendlichen und Erwachsenen und gegen\u00fcber dem Pferd in seinem Einsatz im HPR \/ TR.<\/p>\n<\/div><\/div><style type=\"text\/css\">.fusion-body .fusion-builder-column-0{width:100% !important;margin-top : 0px;margin-bottom : 0px;}.fusion-builder-column-0 > .fusion-column-wrapper {padding-top : 0px !important;padding-right : 0px !important;margin-right : 1.92%;padding-bottom : 0px !important;padding-left : 0px !important;margin-left : 1.92%;}@media only screen and (max-width:1024px) {.fusion-body .fusion-builder-column-0{width:100% !important;}.fusion-builder-column-0 > .fusion-column-wrapper {margin-right : 1.92%;margin-left : 1.92%;}}@media only screen and (max-width:640px) {.fusion-body .fusion-builder-column-0{width:100% !important;}.fusion-builder-column-0 > .fusion-column-wrapper {margin-right : 1.92%;margin-left : 1.92%;}}<\/style><\/div><\/div><style type=\"text\/css\">.fusion-body .fusion-flex-container.fusion-builder-row-1{ padding-top : 20px;margin-top : 0px;padding-right : 0px;padding-bottom : 20px;margin-bottom : 0px;padding-left : 0px;}<\/style><\/div>\n","protected":false},"excerpt":{"rendered":"","protected":false},"author":1,"featured_media":0,"parent":13078,"menu_order":0,"comment_status":"open","ping_status":"open","template":"","meta":{"ngg_post_thumbnail":0},"_links":{"self":[{"href":"https:\/\/sgtr.keller-web.ch\/index.php\/wp-json\/wp\/v2\/pages\/13086"}],"collection":[{"href":"https:\/\/sgtr.keller-web.ch\/index.php\/wp-json\/wp\/v2\/pages"}],"about":[{"href":"https:\/\/sgtr.keller-web.ch\/index.php\/wp-json\/wp\/v2\/types\/page"}],"author":[{"embeddable":true,"href":"https:\/\/sgtr.keller-web.ch\/index.php\/wp-json\/wp\/v2\/users\/1"}],"replies":[{"embeddable":true,"href":"https:\/\/sgtr.keller-web.ch\/index.php\/wp-json\/wp\/v2\/comments?post=13086"}],"version-history":[{"count":5,"href":"https:\/\/sgtr.keller-web.ch\/index.php\/wp-json\/wp\/v2\/pages\/13086\/revisions"}],"predecessor-version":[{"id":14308,"href":"https:\/\/sgtr.keller-web.ch\/index.php\/wp-json\/wp\/v2\/pages\/13086\/revisions\/14308"}],"up":[{"embeddable":true,"href":"https:\/\/sgtr.keller-web.ch\/index.php\/wp-json\/wp\/v2\/pages\/13078"}],"wp:attachment":[{"href":"https:\/\/sgtr.keller-web.ch\/index.php\/wp-json\/wp\/v2\/media?parent=13086"}],"curies":[{"name":"wp","href":"https:\/\/api.w.org\/{rel}","templated":true}]}}