{"id":13078,"date":"2015-08-16T19:15:02","date_gmt":"2015-08-16T17:15:02","guid":{"rendered":"http:\/\/sgtr.ch\/dev\/wp\/?page_id=13078"},"modified":"2022-01-10T12:57:53","modified_gmt":"2022-01-10T11:57:53","slug":"das-collegium","status":"publish","type":"page","link":"https:\/\/sgtr.keller-web.ch\/index.php\/das-collegium\/","title":{"rendered":"Das COLLEGIUM"},"content":{"rendered":"<div class=\"fusion-fullwidth fullwidth-box fusion-builder-row-1 fusion-flex-container nonhundred-percent-fullwidth non-hundred-percent-height-scrolling\" style=\"background-color: rgba(255,255,255,0);background-position: left top;background-repeat: no-repeat;border-width: 0px 0px 0px 0px;border-color:#eae9e9;border-style:solid;\" ><div class=\"fusion-builder-row fusion-row fusion-flex-align-items-flex-start\" style=\"max-width:1216.8px;margin-left: calc(-4% \/ 2 );margin-right: calc(-4% \/ 2 );\"><div class=\"fusion-layout-column fusion_builder_column fusion-builder-column-0 fusion_builder_column_1_1 1_1 fusion-flex-column fusion-flex-align-self-flex-start fusion-column-no-min-height\"><div class=\"fusion-column-wrapper fusion-flex-justify-content-flex-start fusion-content-layout-column\" style=\"background-position:left top;background-repeat:no-repeat;-webkit-background-size:cover;-moz-background-size:cover;-o-background-size:cover;background-size:cover;padding: 0px 0px 0px 0px;\"><style type=\"text\/css\">@media only screen and (max-width:1024px) {.fusion-title.fusion-title-1{margin-top:0px!important; margin-right:0px!important;margin-bottom:30px!important;margin-left:0px!important;}}@media only screen and (max-width:640px) {.fusion-title.fusion-title-1{margin-top:0px!important; margin-right:0px!important;margin-bottom:20px!important; margin-left:0px!important;}}<\/style><div class=\"fusion-title title fusion-title-1 fusion-sep-none fusion-title-text fusion-title-size-two\" style=\"margin-top:0px;margin-right:0px;margin-bottom:30px;margin-left:0px;\"><h2 class=\"title-heading-left\" style=\"margin:0;\"><span style=\"color: #6796bf;\"><strong>Das COLLEGIUM<\/strong><\/span><\/h2><\/div><div class=\"fusion-separator fusion-full-width-sep\" style=\"align-self: center;margin-left: auto;margin-right: auto;margin-top:10px;margin-bottom:40px;width:100%;\"><div class=\"fusion-separator-border sep-single sep-solid\" style=\"border-color:#e0dede;border-top-width:1px;\"><\/div><\/div><div class=\"fusion-text fusion-text-1\"><p>ist die Institution zur <b>Ausbildung<\/b> von angehenden Reitp\u00e4dagogInnen und von angehenden ReittherapeutInnen. Es f\u00fchrt Ausbildungskurse zum Erlangen der Qualifikationen &#8222;dipl. Reitp\u00e4dagogIn SG-TR&#8220; und &#8222;dipl. ReittherapeutIn SG-TR&#8220; durch.<\/p>\n<p><b>Ideelle Grundlage<\/b> der Ausbildung bilden die in den B\u00fcchern &#8222;Heilp\u00e4dagogisches Reiten&#8220;, &#8222;Praxisfelder&#8220; und &#8222;Reittherapie&#8220; (Autorin\/Herausg. Marianne G\u00e4ng) dargelegten Gedanken, Vorstellungen und Inhalte.<\/p>\n<p>Als anerkannte und bedeutende&nbsp;<strong>Ausbildungs<\/strong>&#8211; und&nbsp;<strong>Weiterbildungsinstitution<\/strong>&nbsp;mit langj\u00e4hriger Erfahrung steht die SG-TR<\/p>\n<ul>\n<li>f\u00fcr&nbsp;<strong>Bildungsangebote<\/strong>&nbsp;auf dem Gebiet der therapeutischen Interventionen mit dem Pferd<\/li>\n<li>f\u00fcr transparente Darstellung und Vermittlung unserer ethischen, heilp\u00e4dagogischen und therapeutischen&nbsp;<strong>Leitideen<\/strong><\/li>\n<li>f\u00fcr fachliche, methodische und didaktische&nbsp;<strong>Kompetenz<\/strong>&nbsp;und das&nbsp;<strong>Engagement<\/strong>&nbsp;unserer Lehrkr\u00e4fte<\/li>\n<li>f\u00fcr&nbsp;<strong>qualit\u00e4tvolles Handeln<\/strong>&nbsp;auf allen Stufen, in jedem Bereich; Reitp\u00e4dagoginnen und Reittherapeutinnen identifizieren sich mit ihrer Arbeit<\/li>\n<li>f\u00fcr permanente&nbsp;<strong>Weiterentwicklung<\/strong>&nbsp;unserer Ausbildung<\/li>\n<li>f\u00fcr&nbsp;<strong>Offenheit<\/strong>&nbsp;gegen\u00fcber neuen Entwicklungen, Bed\u00fcrfnissen und Erfordernissen<\/li>\n<li>f\u00fcr Zusammenarbeit und Austausch im Kontakt zu \u00e4hnlich orientierten Institutionen (insbesondere mit den im FATP zusammengeschlossenen), ebenso mit Beh\u00f6rden, Verb\u00e4nden und Fachgremien, sowie einer interessierten \u00d6ffentlichkeit<\/li>\n<li>f\u00fcr politische und konfessionelle Unabh\u00e4ngigkeit<\/li>\n<\/ul>\n<p>INFO \u00fcber die AUSBILDUNG: Barbara G\u00e4ng, Tel&nbsp;+41(0)56 668 24 26 \/&nbsp;+41(0)79 692 69 86&nbsp; Mail:&nbsp;<span class=\"jQueryEmail\"><a href=\"mailto:barbara.gaeng@bluewin.ch\">barbara.gaeng@bluewin.ch<\/a><\/span>.<\/p>\n<p>In einem pers\u00f6nlichen Telefongespr\u00e4ch oder per Mail informieren wir Sie gerne n\u00e4her. Info-Veranstaltungen f\u00fchren wir keine durch.&nbsp;<\/p>\n<\/div><\/div><style type=\"text\/css\">.fusion-body .fusion-builder-column-0{width:100% !important;margin-top : 0px;margin-bottom : 0px;}.fusion-builder-column-0 > .fusion-column-wrapper {padding-top : 0px !important;padding-right : 0px !important;margin-right : 1.92%;padding-bottom : 0px !important;padding-left : 0px !important;margin-left : 1.92%;}@media only screen and (max-width:1024px) {.fusion-body .fusion-builder-column-0{width:100% !important;}.fusion-builder-column-0 > .fusion-column-wrapper {margin-right : 1.92%;margin-left : 1.92%;}}@media only screen and (max-width:640px) {.fusion-body .fusion-builder-column-0{width:100% !important;}.fusion-builder-column-0 > .fusion-column-wrapper {margin-right : 1.92%;margin-left : 1.92%;}}<\/style><\/div><\/div><style type=\"text\/css\">.fusion-body .fusion-flex-container.fusion-builder-row-1{ padding-top : 20px;margin-top : 0px;padding-right : 0px;padding-bottom : 20px;margin-bottom : 0px;padding-left : 0px;}<\/style><\/div>\n","protected":false},"excerpt":{"rendered":"","protected":false},"author":1,"featured_media":0,"parent":0,"menu_order":0,"comment_status":"open","ping_status":"open","template":"","meta":{"ngg_post_thumbnail":0},"_links":{"self":[{"href":"https:\/\/sgtr.keller-web.ch\/index.php\/wp-json\/wp\/v2\/pages\/13078"}],"collection":[{"href":"https:\/\/sgtr.keller-web.ch\/index.php\/wp-json\/wp\/v2\/pages"}],"about":[{"href":"https:\/\/sgtr.keller-web.ch\/index.php\/wp-json\/wp\/v2\/types\/page"}],"author":[{"embeddable":true,"href":"https:\/\/sgtr.keller-web.ch\/index.php\/wp-json\/wp\/v2\/users\/1"}],"replies":[{"embeddable":true,"href":"https:\/\/sgtr.keller-web.ch\/index.php\/wp-json\/wp\/v2\/comments?post=13078"}],"version-history":[{"count":4,"href":"https:\/\/sgtr.keller-web.ch\/index.php\/wp-json\/wp\/v2\/pages\/13078\/revisions"}],"predecessor-version":[{"id":13818,"href":"https:\/\/sgtr.keller-web.ch\/index.php\/wp-json\/wp\/v2\/pages\/13078\/revisions\/13818"}],"wp:attachment":[{"href":"https:\/\/sgtr.keller-web.ch\/index.php\/wp-json\/wp\/v2\/media?parent=13078"}],"curies":[{"name":"wp","href":"https:\/\/api.w.org\/{rel}","templated":true}]}}